{"id":725,"date":"2022-12-27T21:52:05","date_gmt":"2022-12-27T13:52:05","guid":{"rendered":"https:\/\/visionsafetys.com\/?post_type=product&#038;p=725"},"modified":"2024-08-02T16:59:50","modified_gmt":"2024-08-02T08:59:50","slug":"forklift-cam-system","status":"publish","type":"product","link":"https:\/\/visionsafetys.com\/es\/producto\/forklift-cam-system\/","title":{"rendered":"980W-HD Sistema de levas para carretillas elevadoras"},"content":{"rendered":"<p>WRS709 Presenta un monitor con clasificaci\u00f3n IP69K, universalmente instalado en carretillas elevadoras, maquinaria de construcci\u00f3n y barcos. El paquete de bater\u00edas de montaje magn\u00e9tico opcional se puede instalar r\u00e1pidamente para apoyar la c\u00e1mara inal\u00e1mbrica, con fuerte magn\u00e9tico, super f\u00e1cil y conveniente para operar.<\/p>\n<p><img fetchpriority=\"high\" decoding=\"async\" class=\"alignnone size-full wp-image-4239\" src=\"https:\/\/visionsafetys.com\/wp-content\/uploads\/2022\/12\/forklift-camera-installation.webp\" alt=\"wrs709 wireless waterproof system\" width=\"2560\" height=\"1440\" srcset=\"https:\/\/visionsafetys.com\/wp-content\/uploads\/2022\/12\/forklift-camera-installation.webp 2560w, https:\/\/visionsafetys.com\/wp-content\/uploads\/2022\/12\/forklift-camera-installation-300x169.webp 300w, https:\/\/visionsafetys.com\/wp-content\/uploads\/2022\/12\/forklift-camera-installation-1024x576.webp 1024w, https:\/\/visionsafetys.com\/wp-content\/uploads\/2022\/12\/forklift-camera-installation-768x432.webp 768w, https:\/\/visionsafetys.com\/wp-content\/uploads\/2022\/12\/forklift-camera-installation-1536x864.webp 1536w, https:\/\/visionsafetys.com\/wp-content\/uploads\/2022\/12\/forklift-camera-installation-2048x1152.webp 2048w, https:\/\/visionsafetys.com\/wp-content\/uploads\/2022\/12\/forklift-camera-installation-18x10.webp 18w, https:\/\/visionsafetys.com\/wp-content\/uploads\/2022\/12\/forklift-camera-installation-600x338.webp 600w\" sizes=\"(max-width: 2560px) 100vw, 2560px\" \/><\/p>\n<table style=\"height: 758px;\" width=\"785\">\n<tbody>\n<tr>\n<td colspan=\"2\" width=\"440\"><strong>Wireless\u00a0Monitor: 709W-HD<\/strong><\/td>\n<\/tr>\n<tr>\n<td width=\"155\">Tama\u00f1o de la pantalla<\/td>\n<td width=\"284\">7 pulgadas<\/td>\n<\/tr>\n<tr>\n<td width=\"155\">Luminosidad<\/td>\n<td width=\"284\">450cd\/m\u00b2<\/td>\n<\/tr>\n<tr>\n<td width=\"155\">Contraste<\/td>\n<td width=\"284\">500:1<\/td>\n<\/tr>\n<tr>\n<td width=\"155\">Resoluci\u00f3n<\/td>\n<td width=\"284\">1024xR.G.Bx600<\/td>\n<\/tr>\n<tr>\n<td width=\"155\">Frecuencia de trabajo<\/td>\n<td width=\"284\">2400-2483,5MHZ<\/td>\n<\/tr>\n<tr>\n<td width=\"155\">Distancia efectiva<\/td>\n<td width=\"284\">500 metros en campo abierto<\/td>\n<\/tr>\n<tr>\n<td width=\"155\">Entradas de v\u00eddeo<\/td>\n<td width=\"284\">4 canales<\/td>\n<\/tr>\n<tr>\n<td width=\"155\">Impermeable<\/td>\n<td width=\"284\">IP69K<\/td>\n<\/tr>\n<tr>\n<td width=\"155\">Sistema de TV<\/td>\n<td width=\"284\">NTSC\/PAL (cambio autom\u00e1tico)<\/td>\n<\/tr>\n<tr>\n<td width=\"155\">Fuente de alimentaci\u00f3n<\/td>\n<td width=\"284\">DC12V-36V<\/td>\n<\/tr>\n<tr>\n<td width=\"155\">Modulaci\u00f3n<\/td>\n<td width=\"284\">16QAM\/QPSK\/BPSK<\/td>\n<\/tr>\n<tr>\n<td width=\"155\">Mirror Flip<\/td>\n<td width=\"284\">No espejo, espejo, flip, flip espejo<\/td>\n<\/tr>\n<tr>\n<td width=\"155\">Retraso<\/td>\n<td width=\"284\">200ms<\/td>\n<\/tr>\n<tr>\n<td width=\"155\">Operaci\u00f3n Temp<\/td>\n<td width=\"284\">-20\u2103~70\u2103, RH 95%MAX<\/td>\n<\/tr>\n<tr>\n<td>Storage Temp<\/td>\n<td width=\"284\">-40\u2103~80\u2103, RH 95%MAX<\/td>\n<\/tr>\n<tr>\n<td colspan=\"2\" width=\"440\"><strong>Wireless\u00a0Camera: 980W-HD<\/strong><\/td>\n<\/tr>\n<tr>\n<td width=\"155\">Sensor de imagen<\/td>\n<td width=\"284\">1\/2.7'' CMOS SC2235<\/td>\n<\/tr>\n<tr>\n<td width=\"155\">Resoluci\u00f3n<\/td>\n<td width=\"284\">1920x720; 1920x1080<\/td>\n<\/tr>\n<tr>\n<td width=\"155\">Luces LED<\/td>\n<td width=\"284\">3 piezas<\/td>\n<\/tr>\n<tr>\n<td width=\"155\">\u00c1ngulo de visi\u00f3n<\/td>\n<td width=\"284\">45 grados<\/td>\n<\/tr>\n<tr>\n<td width=\"155\">Retraso<\/td>\n<td width=\"284\">130 ms<\/td>\n<\/tr>\n<tr>\n<td width=\"155\">IR\u00a0Distance<\/td>\n<td width=\"284\">15m<\/td>\n<\/tr>\n<tr>\n<td width=\"155\">Impermeable<\/td>\n<td width=\"284\">IP69K<\/td>\n<\/tr>\n<tr>\n<td width=\"155\">Fuente de alimentaci\u00f3n<\/td>\n<td width=\"284\">DC10V-48V<\/td>\n<\/tr>\n<tr>\n<td width=\"155\">Operaci\u00f3n Temp<\/td>\n<td width=\"284\">-20\u2103~70\u2103, RH 95%MAX<\/td>\n<\/tr>\n<tr>\n<td>Storage Temp<\/td>\n<td width=\"284\">-40\u2103~80\u2103, RH 95%MAX<\/td>\n<\/tr>\n<\/tbody>\n<\/table>","protected":false},"excerpt":{"rendered":"<p>WRS709 Features a monitor with an IP69K rating, universally installed on forklifts, construction machinery, and boats. The optional magnetic mount battery pack can be installed quickly to support the wireless camera, with strong magnetic, super easy, and convenient to operate. Wireless\u00a0Monitor: 709W-HD Screen\u00a0Size 7inch Brightness 450cd\/m\u00b2 Contrast 500:1 Resolution 1024xR.G.Bx600 Working\u00a0Frequency 2400-2483.5MHZ Effective\u00a0Distance 500 meters [&hellip;]<\/p>","protected":false},"featured_media":4200,"template":"","meta":{"_seopress_robots_primary_cat":"none","_seopress_titles_title":"","_seopress_titles_desc":"","_seopress_robots_index":""},"product_brand":[],"product_cat":[29],"product_tag":[],"class_list":{"0":"post-725","1":"product","2":"type-product","3":"status-publish","4":"has-post-thumbnail","6":"product_cat-wireless-camera-system","8":"first","9":"instock","10":"shipping-taxable","11":"product-type-simple"},"_links":{"self":[{"href":"https:\/\/visionsafetys.com\/es\/wp-json\/wp\/v2\/product\/725","targetHints":{"allow":["GET"]}}],"collection":[{"href":"https:\/\/visionsafetys.com\/es\/wp-json\/wp\/v2\/product"}],"about":[{"href":"https:\/\/visionsafetys.com\/es\/wp-json\/wp\/v2\/types\/product"}],"wp:featuredmedia":[{"embeddable":true,"href":"https:\/\/visionsafetys.com\/es\/wp-json\/wp\/v2\/media\/4200"}],"wp:attachment":[{"href":"https:\/\/visionsafetys.com\/es\/wp-json\/wp\/v2\/media?parent=725"}],"wp:term":[{"taxonomy":"product_brand","embeddable":true,"href":"https:\/\/visionsafetys.com\/es\/wp-json\/wp\/v2\/product_brand?post=725"},{"taxonomy":"product_cat","embeddable":true,"href":"https:\/\/visionsafetys.com\/es\/wp-json\/wp\/v2\/product_cat?post=725"},{"taxonomy":"product_tag","embeddable":true,"href":"https:\/\/visionsafetys.com\/es\/wp-json\/wp\/v2\/product_tag?post=725"}],"curies":[{"name":"wp","href":"https:\/\/api.w.org\/{rel}","templated":true}]}}