{"id":701,"date":"2022-12-27T19:05:23","date_gmt":"2022-12-27T11:05:23","guid":{"rendered":"https:\/\/visionsafetys.com\/?post_type=product&#038;p=701"},"modified":"2026-05-13T16:25:17","modified_gmt":"2026-05-13T08:25:17","slug":"ca208-hd-side-view-camera","status":"publish","type":"product","link":"https:\/\/visionsafetys.com\/es\/producto\/ca208-hd-side-view-camera\/","title":{"rendered":"HD Side View Camera for Blind Spot Monitoring | CA208-HD"},"content":{"rendered":"<p class=\"fusion-responsive-typography-calculated\" data-fontsize=\"19\" data-lineheight=\"28.88px\"><span style=\"color: #333333;\">La c\u00e1mara de visi\u00f3n lateral HD -en sus versiones 720p y 1080p- ofrece vistas laterales n\u00edtidas de los alrededores del veh\u00edculo. El \u00e1ngulo ultra gran angular ofrece a los conductores 170 grados de cobertura completa y est\u00e1 equipada con rendimiento diurno\/nocturno. Disponible en carcasa blanca y negra para combinar con el exterior del veh\u00edculo, es extremadamente resistente y completamente impermeable con una clasificaci\u00f3n IP69K.<\/span><\/p>\n<table border=\"0\" width=\"1230\" cellspacing=\"0\" cellpadding=\"0\">\n<tbody>\n<tr>\n<td width=\"405\">Modelo<\/td>\n<td width=\"825\">CA208-HD<\/td>\n<\/tr>\n<tr>\n<td width=\"405\">Sensor de imagen<\/td>\n<td width=\"825\">CMOS DE 1\/2,9<\/td>\n<\/tr>\n<tr>\n<td width=\"405\">Resoluci\u00f3n<\/td>\n<td width=\"825\">1080P<\/td>\n<\/tr>\n<tr>\n<td width=\"405\">P\u00edxeles efectivos<\/td>\n<td width=\"825\">1920(H)x1080(V)<\/td>\n<\/tr>\n<tr>\n<td width=\"405\">Tama\u00f1o en p\u00edxeles<\/td>\n<td width=\"825\">1.8x1.8\u03bcm<\/td>\n<\/tr>\n<tr>\n<td width=\"405\">\u00c1ngulo de visi\u00f3n<\/td>\n<td width=\"825\">170 grados m\u00e1ximo<\/td>\n<\/tr>\n<tr>\n<td width=\"405\">Grado de impermeabilidad<\/td>\n<td width=\"825\">IP69K<\/td>\n<\/tr>\n<tr>\n<td width=\"405\">A prueba de golpes<\/td>\n<td width=\"825\">10G<\/td>\n<\/tr>\n<tr>\n<td width=\"405\">Frecuencia de imagen<\/td>\n<td width=\"825\">25\/30fps<\/td>\n<\/tr>\n<tr>\n<td width=\"405\">Luces LED<\/td>\n<td width=\"825\">5 LEDs IR<\/td>\n<\/tr>\n<tr>\n<td width=\"405\">Fuente de alimentaci\u00f3n<\/td>\n<td width=\"825\">DC9-18V (del monitor de marcha atr\u00e1s)<\/td>\n<\/tr>\n<tr>\n<td width=\"405\">Audio<\/td>\n<td width=\"825\">Ayuda<\/td>\n<\/tr>\n<tr>\n<td width=\"405\">Calefacci\u00f3n<\/td>\n<td width=\"825\">Ayuda<\/td>\n<\/tr>\n<tr>\n<td width=\"405\">Distancia de visi\u00f3n nocturna<\/td>\n<td width=\"825\">15m<\/td>\n<\/tr>\n<tr>\n<td width=\"405\">Material de la carcasa<\/td>\n<td width=\"825\">Metal fundido resistente<\/td>\n<\/tr>\n<tr>\n<td width=\"405\">Consumo de energ\u00eda<\/td>\n<td width=\"825\">160 mA<\/td>\n<\/tr>\n<tr>\n<td width=\"405\">Peso unitario<\/td>\n<td width=\"825\">200g<\/td>\n<\/tr>\n<tr>\n<td width=\"405\">Operaci\u00f3n Temp<\/td>\n<td width=\"825\">-20\u2103-70\u2103\uff0c RH95%MAX<\/td>\n<\/tr>\n<\/tbody>\n<\/table>","protected":false},"excerpt":{"rendered":"<p>The HD side view camera \u2013 both 720p and 1080p versions \u2013 delivers clear side views of vehicle surroundings. The ultra-wide angle offers drivers 170 degrees of complete coverage and is equipped with day\/nighttime performance. Available in both white and black housing to match vehicle exteriors, extremely rugged and completely waterproof with an IP69K rating. [&hellip;]<\/p>","protected":false},"featured_media":702,"template":"","meta":{"_seopress_robots_primary_cat":"none","_seopress_titles_title":"HD Side View Camera for Blind Spot Monitoring | CA208-HD","_seopress_titles_desc":"The HD side view camera \u2013 both 720p and 1080p versions \u2013 delivers clear side views of vehicle surroundings. The ultra-wide angle offers drivers 170 degrees of complete coverage and is equipped with day\/nighttime performance.","_seopress_robots_index":""},"product_brand":[],"product_cat":[27],"product_tag":[],"class_list":{"0":"post-701","1":"product","2":"type-product","3":"status-publish","4":"has-post-thumbnail","6":"product_cat-backup-cameras","8":"first","9":"instock","10":"shipping-taxable","11":"product-type-simple"},"_links":{"self":[{"href":"https:\/\/visionsafetys.com\/es\/wp-json\/wp\/v2\/product\/701","targetHints":{"allow":["GET"]}}],"collection":[{"href":"https:\/\/visionsafetys.com\/es\/wp-json\/wp\/v2\/product"}],"about":[{"href":"https:\/\/visionsafetys.com\/es\/wp-json\/wp\/v2\/types\/product"}],"wp:featuredmedia":[{"embeddable":true,"href":"https:\/\/visionsafetys.com\/es\/wp-json\/wp\/v2\/media\/702"}],"wp:attachment":[{"href":"https:\/\/visionsafetys.com\/es\/wp-json\/wp\/v2\/media?parent=701"}],"wp:term":[{"taxonomy":"product_brand","embeddable":true,"href":"https:\/\/visionsafetys.com\/es\/wp-json\/wp\/v2\/product_brand?post=701"},{"taxonomy":"product_cat","embeddable":true,"href":"https:\/\/visionsafetys.com\/es\/wp-json\/wp\/v2\/product_cat?post=701"},{"taxonomy":"product_tag","embeddable":true,"href":"https:\/\/visionsafetys.com\/es\/wp-json\/wp\/v2\/product_tag?post=701"}],"curies":[{"name":"wp","href":"https:\/\/api.w.org\/{rel}","templated":true}]}}