{"id":658,"date":"2022-12-27T16:53:10","date_gmt":"2022-12-27T08:53:10","guid":{"rendered":"https:\/\/visionsafetys.com\/?post_type=product&#038;p=658"},"modified":"2026-05-13T16:20:06","modified_gmt":"2026-05-13T08:20:06","slug":"ca201-hd","status":"publish","type":"product","link":"https:\/\/visionsafetys.com\/es\/producto\/ca201-hd\/","title":{"rendered":"HD Rear View Camera for Heavy Duty Vehicles | CA201-HD"},"content":{"rendered":"<p>La c\u00e1mara de visi\u00f3n trasera AHD CA201 es totalmente impermeable seg\u00fan las normas IP69K, s\u00f3lida y fiable, resistente a vibraciones de hasta 10 G y muy popular en caravanas, camiones, autobuses, carretillas elevadoras, agricultura y maquinaria de construcci\u00f3n.<\/p>\n<p><img fetchpriority=\"high\" decoding=\"async\" class=\"aligncenter wp-image-659\" src=\"https:\/\/visionsafetys.com\/wp-content\/uploads\/2022\/12\/ca201-description.jpg\" alt=\"\" width=\"1000\" height=\"563\" srcset=\"https:\/\/visionsafetys.com\/wp-content\/uploads\/2022\/12\/ca201-description.jpg 2560w, https:\/\/visionsafetys.com\/wp-content\/uploads\/2022\/12\/ca201-description-300x169.jpg 300w, https:\/\/visionsafetys.com\/wp-content\/uploads\/2022\/12\/ca201-description-1024x576.jpg 1024w, https:\/\/visionsafetys.com\/wp-content\/uploads\/2022\/12\/ca201-description-768x432.jpg 768w, https:\/\/visionsafetys.com\/wp-content\/uploads\/2022\/12\/ca201-description-1536x864.jpg 1536w, https:\/\/visionsafetys.com\/wp-content\/uploads\/2022\/12\/ca201-description-2048x1152.jpg 2048w, https:\/\/visionsafetys.com\/wp-content\/uploads\/2022\/12\/ca201-description-600x338.jpg 600w\" sizes=\"(max-width: 1000px) 100vw, 1000px\" \/><\/p>\n<table border=\"0\" width=\"1230\" cellspacing=\"0\" cellpadding=\"0\">\n<tbody>\n<tr>\n<td width=\"405\">Modelo<\/td>\n<td width=\"825\">CA201-HD<\/td>\n<\/tr>\n<tr>\n<td width=\"405\">Sensor de imagen<\/td>\n<td width=\"825\">CMOS DE 1\/2,9<\/td>\n<\/tr>\n<tr>\n<td width=\"405\">Resoluci\u00f3n<\/td>\n<td width=\"825\">1080P<\/td>\n<\/tr>\n<tr>\n<td width=\"405\">P\u00edxeles efectivos<\/td>\n<td width=\"825\">1920(H)x1080(V)<\/td>\n<\/tr>\n<tr>\n<td width=\"405\">Tama\u00f1o en p\u00edxeles<\/td>\n<td width=\"825\">1.8x1.8\u03bcm<\/td>\n<\/tr>\n<tr>\n<td width=\"405\">\u00c1ngulo de visi\u00f3n<\/td>\n<td width=\"825\">120 grados<\/td>\n<\/tr>\n<tr>\n<td width=\"405\">Grado de impermeabilidad<\/td>\n<td width=\"825\">IP69K<\/td>\n<\/tr>\n<tr>\n<td width=\"405\">A prueba de golpes<\/td>\n<td width=\"825\">10G<\/td>\n<\/tr>\n<tr>\n<td width=\"405\">Frecuencia de imagen<\/td>\n<td width=\"825\">25\/30fps<\/td>\n<\/tr>\n<tr>\n<td width=\"405\">Luces LED5<\/td>\n<td width=\"825\">18 LEDs IR<\/td>\n<\/tr>\n<tr>\n<td width=\"405\">Fuente de alimentaci\u00f3n<\/td>\n<td width=\"825\">DC9-18V (del monitor de marcha atr\u00e1s)<\/td>\n<\/tr>\n<tr>\n<td width=\"405\">Audio<\/td>\n<td width=\"825\">Ayuda<\/td>\n<\/tr>\n<tr>\n<td width=\"405\">Calefacci\u00f3n<\/td>\n<td width=\"825\">Ayuda<\/td>\n<\/tr>\n<tr>\n<td width=\"405\">Distancia de visi\u00f3n nocturna<\/td>\n<td width=\"825\">15m<\/td>\n<\/tr>\n<tr>\n<td width=\"405\">Material de la carcasa<\/td>\n<td width=\"825\">Metal fundido resistente<\/td>\n<\/tr>\n<tr>\n<td width=\"405\">Consumo de energ\u00eda<\/td>\n<td width=\"825\">160 mA<\/td>\n<\/tr>\n<tr>\n<td width=\"405\">Peso unitario<\/td>\n<td width=\"825\">200g<\/td>\n<\/tr>\n<tr>\n<td width=\"405\">Operaci\u00f3n Temp<\/td>\n<td width=\"825\">-20\u2103-70\u2103\uff0c RH95%MAX<\/td>\n<\/tr>\n<\/tbody>\n<\/table>\n<p>\u00a0<\/p>\n\n\n<p><\/p>","protected":false},"excerpt":{"rendered":"<p>The CA201 AHD Rear View Camera is fully waterproof to IP69K standards, solid and reliable, shock resistant to 10G vibration, and popular in Caravans, trucks, buses, forklifts, agriculture, and construction machinery. Model CA201-HD Image\u00a0Sensor 1\/2.9\u2019\u2019\u00a0CMOS Resolution 1080P Effective\u00a0Pixels 1920(H)x1080(V) Pixel Size 1.8&#215;1.8\u03bcm Viewing\u00a0Angle 120 degrees Waterproof\u00a0Rating IP69K Shockproof 10G Frame\u00a0Rate 25\/30fps LEDs Lights5 18pc IR [&hellip;]<\/p>","protected":false},"featured_media":663,"template":"","meta":{"_seopress_robots_primary_cat":"none","_seopress_titles_title":"HD Rear View Camera for Heavy Duty Vehicles | CA201-HD","_seopress_titles_desc":"The CA201 AHD Rear View Camera is fully waterproof to IP69K standards, solid and reliable, shock resistant to 10G vibration, and popular in Caravans, trucks, buses, forklifts, agriculture, and construction machinery.","_seopress_robots_index":""},"product_brand":[],"product_cat":[27],"product_tag":[],"class_list":{"0":"post-658","1":"product","2":"type-product","3":"status-publish","4":"has-post-thumbnail","6":"product_cat-backup-cameras","8":"first","9":"instock","10":"shipping-taxable","11":"product-type-simple"},"_links":{"self":[{"href":"https:\/\/visionsafetys.com\/es\/wp-json\/wp\/v2\/product\/658","targetHints":{"allow":["GET"]}}],"collection":[{"href":"https:\/\/visionsafetys.com\/es\/wp-json\/wp\/v2\/product"}],"about":[{"href":"https:\/\/visionsafetys.com\/es\/wp-json\/wp\/v2\/types\/product"}],"wp:featuredmedia":[{"embeddable":true,"href":"https:\/\/visionsafetys.com\/es\/wp-json\/wp\/v2\/media\/663"}],"wp:attachment":[{"href":"https:\/\/visionsafetys.com\/es\/wp-json\/wp\/v2\/media?parent=658"}],"wp:term":[{"taxonomy":"product_brand","embeddable":true,"href":"https:\/\/visionsafetys.com\/es\/wp-json\/wp\/v2\/product_brand?post=658"},{"taxonomy":"product_cat","embeddable":true,"href":"https:\/\/visionsafetys.com\/es\/wp-json\/wp\/v2\/product_cat?post=658"},{"taxonomy":"product_tag","embeddable":true,"href":"https:\/\/visionsafetys.com\/es\/wp-json\/wp\/v2\/product_tag?post=658"}],"curies":[{"name":"wp","href":"https:\/\/api.w.org\/{rel}","templated":true}]}}