{"id":656,"date":"2022-12-27T15:30:54","date_gmt":"2022-12-27T07:30:54","guid":{"rendered":"https:\/\/visionsafetys.com\/?post_type=product&#038;p=656"},"modified":"2023-09-11T16:29:53","modified_gmt":"2023-09-11T08:29:53","slug":"m1009-hd-waterproof-monitor","status":"publish","type":"product","link":"https:\/\/visionsafetys.com\/es\/producto\/m1009-hd-waterproof-monitor\/","title":{"rendered":"Monitor estanco M1009-HD"},"content":{"rendered":"<p class=\"fusion-responsive-typography-calculated\" data-fontsize=\"19\" data-lineheight=\"28.88px\">El monitor estanco M1009-HD cuenta con la clasificaci\u00f3n de estanqueidad IP69K y 3 entradas de c\u00e1mara con vistas de pantalla completa conmutables. Hasta 2 sensores activan autom\u00e1ticamente la visualizaci\u00f3n de la vista de una c\u00e1mara para suministrar una ayuda visual de un punto ciego \u00fanico, Es una opci\u00f3n perfecta en la aplicaci\u00f3n exterior de carretillas elevadoras, gr\u00faas y agricultura en d\u00edas de lluvia.<\/p>\n<h6 data-fontsize=\"19\" data-lineheight=\"28.88px\"><img fetchpriority=\"high\" decoding=\"async\" class=\"alignnone wp-image-3889 size-full\" src=\"https:\/\/visionsafetys.com\/wp-content\/uploads\/2022\/12\/m709-waterproof-heavy-duty-monitor-webp-1.webp\" alt=\"monitor estanco m1009 hd\" width=\"2073\" height=\"1116\" srcset=\"https:\/\/visionsafetys.com\/wp-content\/uploads\/2022\/12\/m709-waterproof-heavy-duty-monitor-webp-1.webp 2073w, https:\/\/visionsafetys.com\/wp-content\/uploads\/2022\/12\/m709-waterproof-heavy-duty-monitor-webp-1-300x162.webp 300w, https:\/\/visionsafetys.com\/wp-content\/uploads\/2022\/12\/m709-waterproof-heavy-duty-monitor-webp-1-1024x551.webp 1024w, https:\/\/visionsafetys.com\/wp-content\/uploads\/2022\/12\/m709-waterproof-heavy-duty-monitor-webp-1-768x413.webp 768w, https:\/\/visionsafetys.com\/wp-content\/uploads\/2022\/12\/m709-waterproof-heavy-duty-monitor-webp-1-1536x827.webp 1536w, https:\/\/visionsafetys.com\/wp-content\/uploads\/2022\/12\/m709-waterproof-heavy-duty-monitor-webp-1-2048x1103.webp 2048w, https:\/\/visionsafetys.com\/wp-content\/uploads\/2022\/12\/m709-waterproof-heavy-duty-monitor-webp-1-600x323.webp 600w\" sizes=\"(max-width: 2073px) 100vw, 2073px\" \/><\/h6>\n<table border=\"0\" width=\"1210\" cellspacing=\"0\" cellpadding=\"0\">\n<tbody>\n<tr>\n<td width=\"381\">Modelo<\/td>\n<td width=\"828\">M1009-HD<\/td>\n<\/tr>\n<tr>\n<td width=\"381\">Tama\u00f1o de la pantalla<\/td>\n<td width=\"828\">10,1 pulgadas<\/td>\n<\/tr>\n<tr>\n<td width=\"381\">Relaci\u00f3n de aspecto<\/td>\n<td width=\"828\">16:9<\/td>\n<\/tr>\n<tr>\n<td width=\"381\">Resoluci\u00f3n<\/td>\n<td width=\"828\">1024xR.G.Bx600<\/td>\n<\/tr>\n<tr>\n<td width=\"381\">Contraste<\/td>\n<td width=\"828\">500:1<\/td>\n<\/tr>\n<tr>\n<td width=\"381\">Luminosidad<\/td>\n<td width=\"828\">450cd\/\u33a1<\/td>\n<\/tr>\n<tr>\n<td width=\"381\">\u00c1ngulo de visi\u00f3n<\/td>\n<td width=\"828\">I\/D:70, Arriba:50, Abajo:70<\/td>\n<\/tr>\n<tr>\n<td width=\"381\">Sistema de TV<\/td>\n<td width=\"828\">NTSC\/PAL (cambio autom\u00e1tico)<\/td>\n<\/tr>\n<tr>\n<td width=\"381\">Entrada de v\u00eddeo<\/td>\n<td width=\"828\">Dos o cuatro canales<\/td>\n<\/tr>\n<tr>\n<td width=\"381\">Fuente de alimentaci\u00f3n<\/td>\n<td width=\"828\">DC9-32V<\/td>\n<\/tr>\n<tr>\n<td width=\"381\">Formato de v\u00eddeo<\/td>\n<td width=\"828\">AHD\/CVBS<\/td>\n<\/tr>\n<tr>\n<td width=\"381\">Mirror Flip<\/td>\n<td width=\"828\">No espejo, espejo, flip, flip espejo<\/td>\n<\/tr>\n<tr>\n<td width=\"381\">Altavoz<\/td>\n<td width=\"828\">Ayuda<\/td>\n<\/tr>\n<tr>\n<td width=\"381\">Dimensi\u00f3n<\/td>\n<td width=\"828\">262mm(L)x34mm(P)x185mm(H) sin montaje<\/td>\n<\/tr>\n<tr>\n<td width=\"381\">Operaci\u00f3n Temp<\/td>\n<td width=\"828\">-20\u2103~70\u2103<\/td>\n<\/tr>\n<\/tbody>\n<\/table>","protected":false},"excerpt":{"rendered":"<p>The M1009-HD waterproof monitor features IP69K waterproof rating and 3 camera inputs with switchable full-screen views. Up to 2 sensors automatically trigger the display of a camera\u2019s view to supply a visual aid of a single-blind spot, It\u2019s a perfect choice in the outside application of forklifts, cranes, and agriculture on rainy days. Model M1009-HD [&hellip;]<\/p>","protected":false},"featured_media":3884,"template":"","meta":{"_seopress_robots_primary_cat":"none","_seopress_titles_title":"","_seopress_titles_desc":"","_seopress_robots_index":""},"product_brand":[],"product_cat":[26],"product_tag":[],"class_list":{"0":"post-656","1":"product","2":"type-product","3":"status-publish","4":"has-post-thumbnail","6":"product_cat-rearview-monitors","8":"first","9":"instock","10":"shipping-taxable","11":"product-type-simple"},"_links":{"self":[{"href":"https:\/\/visionsafetys.com\/es\/wp-json\/wp\/v2\/product\/656","targetHints":{"allow":["GET"]}}],"collection":[{"href":"https:\/\/visionsafetys.com\/es\/wp-json\/wp\/v2\/product"}],"about":[{"href":"https:\/\/visionsafetys.com\/es\/wp-json\/wp\/v2\/types\/product"}],"wp:featuredmedia":[{"embeddable":true,"href":"https:\/\/visionsafetys.com\/es\/wp-json\/wp\/v2\/media\/3884"}],"wp:attachment":[{"href":"https:\/\/visionsafetys.com\/es\/wp-json\/wp\/v2\/media?parent=656"}],"wp:term":[{"taxonomy":"product_brand","embeddable":true,"href":"https:\/\/visionsafetys.com\/es\/wp-json\/wp\/v2\/product_brand?post=656"},{"taxonomy":"product_cat","embeddable":true,"href":"https:\/\/visionsafetys.com\/es\/wp-json\/wp\/v2\/product_cat?post=656"},{"taxonomy":"product_tag","embeddable":true,"href":"https:\/\/visionsafetys.com\/es\/wp-json\/wp\/v2\/product_tag?post=656"}],"curies":[{"name":"wp","href":"https:\/\/api.w.org\/{rel}","templated":true}]}}