{"id":636,"date":"2022-12-27T07:57:57","date_gmt":"2022-12-26T23:57:57","guid":{"rendered":"https:\/\/visionsafetys.com\/?post_type=product&#038;p=636"},"modified":"2023-09-11T15:55:53","modified_gmt":"2023-09-11T07:55:53","slug":"m705-hd-vehicle-monitor","status":"publish","type":"product","link":"https:\/\/visionsafetys.com\/es\/producto\/m705-hd-vehicle-monitor\/","title":{"rendered":"Monitor de veh\u00edculo M705-HD"},"content":{"rendered":"<table border=\"0\" width=\"1210\" cellspacing=\"0\" cellpadding=\"0\">\n<tbody>\n<tr>\n<td width=\"381\">Modelo<\/td>\n<td width=\"828\">M705-HD<\/td>\n<\/tr>\n<tr>\n<td width=\"381\">Tama\u00f1o de la pantalla<\/td>\n<td width=\"828\">7 pulgadas<\/td>\n<\/tr>\n<tr>\n<td width=\"381\">Relaci\u00f3n de aspecto<\/td>\n<td width=\"828\">16:9<\/td>\n<\/tr>\n<tr>\n<td width=\"381\">Resoluci\u00f3n<\/td>\n<td width=\"828\">1024xR.G.Bx600<\/td>\n<\/tr>\n<tr>\n<td width=\"381\">Contraste<\/td>\n<td width=\"828\">500:1<\/td>\n<\/tr>\n<tr>\n<td width=\"381\">Luminosidad<\/td>\n<td width=\"828\">450cd\/\u33a1<\/td>\n<\/tr>\n<tr>\n<td width=\"381\">\u00c1ngulo de visi\u00f3n<\/td>\n<td width=\"828\">I\/D:70, Arriba:50, Abajo:70<\/td>\n<\/tr>\n<tr>\n<td width=\"381\">Sistema de TV<\/td>\n<td width=\"828\">NTSC\/PAL (cambio autom\u00e1tico)<\/td>\n<\/tr>\n<tr>\n<td width=\"381\">Entrada de v\u00eddeo<\/td>\n<td width=\"828\">Dos o cuatro canales<\/td>\n<\/tr>\n<tr>\n<td width=\"381\">Fuente de alimentaci\u00f3n<\/td>\n<td width=\"828\">DC9-32V<\/td>\n<\/tr>\n<tr>\n<td width=\"381\">Formato de v\u00eddeo<\/td>\n<td width=\"828\">AHD\/CVBS<\/td>\n<\/tr>\n<tr>\n<td width=\"381\">Mirror Flip<\/td>\n<td width=\"828\">No espejo, espejo, flip, flip espejo<\/td>\n<\/tr>\n<tr>\n<td width=\"381\">Altavoz<\/td>\n<td width=\"828\">Ayuda<\/td>\n<\/tr>\n<tr>\n<td width=\"381\">Dimensi\u00f3n<\/td>\n<td width=\"828\">176mm(L)x27.5mm(P)x120mm(H) sin parasol<\/td>\n<\/tr>\n<tr>\n<td width=\"381\">Operaci\u00f3n Temp<\/td>\n<td width=\"828\">-20\u2103~70\u2103<\/td>\n<\/tr>\n<\/tbody>\n<\/table>\n<p>&nbsp;<\/p>","protected":false},"excerpt":{"rendered":"<p>Modelo M705-HD Tama\u00f1o de pantalla 7 pulgadas Relaci\u00f3n de aspecto 16:9 Resoluci\u00f3n 1024xR.G.Bx600 Contraste 500:1 Brillo 450cd\/\u33a1 \u00c1ngulo de visi\u00f3n L\/R:70, Arriba:50, Abajo:70 Sistema de TV NTSC\/PAL (cambio autom\u00e1tico) Entrada de v\u00eddeo Dos o cuatro canales Fuente de alimentaci\u00f3n DC9-32V Formato de v\u00eddeo AHD\/CVBS Volteo de espejo Sin espejo, espejo, volteo, volteo de espejo Soporte de altavoz Dimensi\u00f3n 176mm(L)x27.5mm(D)x120mm(H) sin parasol Temperatura de funcionamiento -20\u2103~70\u2103 &nbsp;<\/p>","protected":false},"featured_media":3874,"template":"","meta":{"_seopress_robots_primary_cat":"none","_seopress_titles_title":"","_seopress_titles_desc":"","_seopress_robots_index":""},"product_brand":[],"product_cat":[26],"product_tag":[],"class_list":{"0":"post-636","1":"product","2":"type-product","3":"status-publish","4":"has-post-thumbnail","6":"product_cat-rearview-monitors","8":"first","9":"instock","10":"shipping-taxable","11":"product-type-simple"},"_links":{"self":[{"href":"https:\/\/visionsafetys.com\/es\/wp-json\/wp\/v2\/product\/636","targetHints":{"allow":["GET"]}}],"collection":[{"href":"https:\/\/visionsafetys.com\/es\/wp-json\/wp\/v2\/product"}],"about":[{"href":"https:\/\/visionsafetys.com\/es\/wp-json\/wp\/v2\/types\/product"}],"wp:featuredmedia":[{"embeddable":true,"href":"https:\/\/visionsafetys.com\/es\/wp-json\/wp\/v2\/media\/3874"}],"wp:attachment":[{"href":"https:\/\/visionsafetys.com\/es\/wp-json\/wp\/v2\/media?parent=636"}],"wp:term":[{"taxonomy":"product_brand","embeddable":true,"href":"https:\/\/visionsafetys.com\/es\/wp-json\/wp\/v2\/product_brand?post=636"},{"taxonomy":"product_cat","embeddable":true,"href":"https:\/\/visionsafetys.com\/es\/wp-json\/wp\/v2\/product_cat?post=636"},{"taxonomy":"product_tag","embeddable":true,"href":"https:\/\/visionsafetys.com\/es\/wp-json\/wp\/v2\/product_tag?post=636"}],"curies":[{"name":"wp","href":"https:\/\/api.w.org\/{rel}","templated":true}]}}