{"id":623,"date":"2022-12-25T22:31:37","date_gmt":"2022-12-25T14:31:37","guid":{"rendered":"https:\/\/visionsafetys.com\/?post_type=product&#038;p=623"},"modified":"2023-09-11T15:34:25","modified_gmt":"2023-09-11T07:34:25","slug":"m707-rearview-monitor","status":"publish","type":"product","link":"https:\/\/visionsafetys.com\/es\/producto\/m707-rearview-monitor\/","title":{"rendered":"Monitor retrovisor M707-HD"},"content":{"rendered":"<p class=\"fusion-responsive-typography-calculated\" data-fontsize=\"19\" data-lineheight=\"28.88px\">El monitor HD M707 cuenta con el parasol dise\u00f1ado en el montaje empotrado, universalmente incrustado en la pila central de los veh\u00edculos. 3 entradas de c\u00e1mara con vistas en pantalla completa conmutables. Hasta 2 sensores activan autom\u00e1ticamente la visualizaci\u00f3n de la vista de una c\u00e1mara para proporcionar una ayuda visual de un \u00fanico punto ciego. Equipado con imagen en espejo, el monitor 707 es ideal para autobuses y camiones.<\/p>\n<p data-fontsize=\"19\" data-lineheight=\"28.88px\"><img fetchpriority=\"high\" decoding=\"async\" class=\"alignnone wp-image-3867 size-full\" src=\"https:\/\/visionsafetys.com\/wp-content\/uploads\/2022\/12\/m707-hd-vehicle-monitor-details.webp\" alt=\"m707 monitor retrovisor hd\" width=\"2190\" height=\"1101\" srcset=\"https:\/\/visionsafetys.com\/wp-content\/uploads\/2022\/12\/m707-hd-vehicle-monitor-details.webp 2190w, https:\/\/visionsafetys.com\/wp-content\/uploads\/2022\/12\/m707-hd-vehicle-monitor-details-300x151.webp 300w, https:\/\/visionsafetys.com\/wp-content\/uploads\/2022\/12\/m707-hd-vehicle-monitor-details-1024x515.webp 1024w, https:\/\/visionsafetys.com\/wp-content\/uploads\/2022\/12\/m707-hd-vehicle-monitor-details-768x386.webp 768w, https:\/\/visionsafetys.com\/wp-content\/uploads\/2022\/12\/m707-hd-vehicle-monitor-details-1536x772.webp 1536w, https:\/\/visionsafetys.com\/wp-content\/uploads\/2022\/12\/m707-hd-vehicle-monitor-details-2048x1030.webp 2048w, https:\/\/visionsafetys.com\/wp-content\/uploads\/2022\/12\/m707-hd-vehicle-monitor-details-600x302.webp 600w\" sizes=\"(max-width: 2190px) 100vw, 2190px\" \/><\/p>\n<table border=\"0\" width=\"1210\" cellspacing=\"0\" cellpadding=\"0\">\n<tbody>\n<tr>\n<td width=\"381\">Modelo<\/td>\n<td width=\"828\">M707-HD<\/td>\n<\/tr>\n<tr>\n<td width=\"381\">Tama\u00f1o de la pantalla<\/td>\n<td width=\"828\">7 pulgadas<\/td>\n<\/tr>\n<tr>\n<td width=\"381\">Relaci\u00f3n de aspecto<\/td>\n<td width=\"828\">16:9<\/td>\n<\/tr>\n<tr>\n<td width=\"381\">Resoluci\u00f3n<\/td>\n<td width=\"828\">1024xR.G.Bx600<\/td>\n<\/tr>\n<tr>\n<td width=\"381\">Contraste<\/td>\n<td width=\"828\">500:1<\/td>\n<\/tr>\n<tr>\n<td width=\"381\">Luminosidad<\/td>\n<td width=\"828\">450cd\/\u33a1<\/td>\n<\/tr>\n<tr>\n<td width=\"381\">\u00c1ngulo de visi\u00f3n<\/td>\n<td width=\"828\">I\/D:70, Arriba:50, Abajo:70<\/td>\n<\/tr>\n<tr>\n<td width=\"381\">Sistema de TV<\/td>\n<td width=\"828\">NTSC\/PAL (cambio autom\u00e1tico)<\/td>\n<\/tr>\n<tr>\n<td width=\"381\">Entrada de v\u00eddeo<\/td>\n<td width=\"828\">3 v\u00edas<\/td>\n<\/tr>\n<tr>\n<td width=\"381\">Fuente de alimentaci\u00f3n<\/td>\n<td width=\"828\">DC9-32V<\/td>\n<\/tr>\n<tr>\n<td width=\"381\">Formato de v\u00eddeo<\/td>\n<td width=\"828\">AHD\/CVBS<\/td>\n<\/tr>\n<tr>\n<td width=\"381\">Mirror Flip<\/td>\n<td width=\"828\">No espejo, espejo, flip, flip espejo<\/td>\n<\/tr>\n<tr>\n<td width=\"381\">Altavoz<\/td>\n<td width=\"828\">Ayuda<\/td>\n<\/tr>\n<tr>\n<td width=\"381\">Dimensi\u00f3n<\/td>\n<td width=\"828\">177mm(L)x26mm(P)x122mm(H) sin parasol<\/td>\n<\/tr>\n<tr>\n<td width=\"381\">Operaci\u00f3n Temp<\/td>\n<td width=\"828\">-20\u2103~70\u2103<\/td>\n<\/tr>\n<\/tbody>\n<\/table>\n<p>&nbsp;<\/p>","protected":false},"excerpt":{"rendered":"<p>The M707 HD monitor features the sunshade designed on the flush mount,\u00a0 universally embedded in the center stack of vehicles. 3 camera inputs with switchable full-screen views. Up to 2 sensors automatically trigger the display of a camera\u2019s view to supply a visual aid of a single-blind spot. Equipped with mirror imaging, the 707 monitor [&hellip;]<\/p>","protected":false},"featured_media":3861,"template":"","meta":{"_seopress_robots_primary_cat":"none","_seopress_titles_title":"","_seopress_titles_desc":"","_seopress_robots_index":""},"product_brand":[],"product_cat":[26],"product_tag":[],"class_list":{"0":"post-623","1":"product","2":"type-product","3":"status-publish","4":"has-post-thumbnail","6":"product_cat-rearview-monitors","8":"first","9":"instock","10":"shipping-taxable","11":"product-type-simple"},"_links":{"self":[{"href":"https:\/\/visionsafetys.com\/es\/wp-json\/wp\/v2\/product\/623","targetHints":{"allow":["GET"]}}],"collection":[{"href":"https:\/\/visionsafetys.com\/es\/wp-json\/wp\/v2\/product"}],"about":[{"href":"https:\/\/visionsafetys.com\/es\/wp-json\/wp\/v2\/types\/product"}],"wp:featuredmedia":[{"embeddable":true,"href":"https:\/\/visionsafetys.com\/es\/wp-json\/wp\/v2\/media\/3861"}],"wp:attachment":[{"href":"https:\/\/visionsafetys.com\/es\/wp-json\/wp\/v2\/media?parent=623"}],"wp:term":[{"taxonomy":"product_brand","embeddable":true,"href":"https:\/\/visionsafetys.com\/es\/wp-json\/wp\/v2\/product_brand?post=623"},{"taxonomy":"product_cat","embeddable":true,"href":"https:\/\/visionsafetys.com\/es\/wp-json\/wp\/v2\/product_cat?post=623"},{"taxonomy":"product_tag","embeddable":true,"href":"https:\/\/visionsafetys.com\/es\/wp-json\/wp\/v2\/product_tag?post=623"}],"curies":[{"name":"wp","href":"https:\/\/api.w.org\/{rel}","templated":true}]}}