{"id":701,"date":"2022-12-27T19:05:23","date_gmt":"2022-12-27T11:05:23","guid":{"rendered":"https:\/\/visionsafetys.com\/?post_type=product&#038;p=701"},"modified":"2026-05-13T16:25:17","modified_gmt":"2026-05-13T08:25:17","slug":"ca208-hd-side-view-camera","status":"publish","type":"product","link":"https:\/\/visionsafetys.com\/de\/produkt\/ca208-hd-side-view-camera\/","title":{"rendered":"HD Side View Camera for Blind Spot Monitoring | CA208-HD"},"content":{"rendered":"<p class=\"fusion-responsive-typography-calculated\" data-fontsize=\"19\" data-lineheight=\"28.88px\"><span style=\"color: #333333;\">Die HD-Seitenkamera - sowohl in der 720p- als auch in der 1080p-Version - liefert klare Seitenansichten der Fahrzeugumgebung. Der Ultraweitwinkel bietet dem Fahrer 170 Grad vollst\u00e4ndige Abdeckung und ist mit einer Tag-\/Nachtfunktion ausgestattet. Erh\u00e4ltlich in wei\u00dfem und schwarzem Geh\u00e4use, passend zur Fahrzeugausstattung, extrem robust und komplett wasserdicht mit IP69K-Einstufung.<\/span><\/p>\n<table border=\"0\" width=\"1230\" cellspacing=\"0\" cellpadding=\"0\">\n<tbody>\n<tr>\n<td width=\"405\">Modell<\/td>\n<td width=\"825\">CA208-HD<\/td>\n<\/tr>\n<tr>\n<td width=\"405\">Bildsensor<\/td>\n<td width=\"825\">1\/2,9'' CMOS<\/td>\n<\/tr>\n<tr>\n<td width=\"405\">Aufl\u00f6sung<\/td>\n<td width=\"825\">1080P<\/td>\n<\/tr>\n<tr>\n<td width=\"405\">Effektive Pixel<\/td>\n<td width=\"825\">1920(H)x1080(V)<\/td>\n<\/tr>\n<tr>\n<td width=\"405\">Pixel Gr\u00f6\u00dfe<\/td>\n<td width=\"825\">1.8x1.8\u03bcm<\/td>\n<\/tr>\n<tr>\n<td width=\"405\">Betrachtungswinkel<\/td>\n<td width=\"825\">Maximal 170 Grad<\/td>\n<\/tr>\n<tr>\n<td width=\"405\">Wasserdichte Bewertung<\/td>\n<td width=\"825\">IP69K<\/td>\n<\/tr>\n<tr>\n<td width=\"405\">Sto\u00dfsicher<\/td>\n<td width=\"825\">10G<\/td>\n<\/tr>\n<tr>\n<td width=\"405\">Bildfrequenz<\/td>\n<td width=\"825\">25\/30fps<\/td>\n<\/tr>\n<tr>\n<td width=\"405\">LED-Leuchten<\/td>\n<td width=\"825\">5 Stk. IR-LEDs<\/td>\n<\/tr>\n<tr>\n<td width=\"405\">Stromversorgung<\/td>\n<td width=\"825\">DC9-18V (vom Umkehrmonitor)<\/td>\n<\/tr>\n<tr>\n<td width=\"405\">Audio<\/td>\n<td width=\"825\">Unterst\u00fctzung<\/td>\n<\/tr>\n<tr>\n<td width=\"405\">Autoheizung<\/td>\n<td width=\"825\">Unterst\u00fctzung<\/td>\n<\/tr>\n<tr>\n<td width=\"405\">Nachtsichtweite<\/td>\n<td width=\"825\">15m<\/td>\n<\/tr>\n<tr>\n<td width=\"405\">Material des Geh\u00e4uses<\/td>\n<td width=\"825\">Strapazierf\u00e4higer Metallguss<\/td>\n<\/tr>\n<tr>\n<td width=\"405\">Stromverbrauch<\/td>\n<td width=\"825\">160mA<\/td>\n<\/tr>\n<tr>\n<td width=\"405\">Einheit Gewicht<\/td>\n<td width=\"825\">200g<\/td>\n<\/tr>\n<tr>\n<td width=\"405\">Betriebstemperatur<\/td>\n<td width=\"825\">-20\u2103-70\u2103\uff0c RH95%MAX<\/td>\n<\/tr>\n<\/tbody>\n<\/table>","protected":false},"excerpt":{"rendered":"<p>The HD side view camera \u2013 both 720p and 1080p versions \u2013 delivers clear side views of vehicle surroundings. The ultra-wide angle offers drivers 170 degrees of complete coverage and is equipped with day\/nighttime performance. Available in both white and black housing to match vehicle exteriors, extremely rugged and completely waterproof with an IP69K rating. [&hellip;]<\/p>","protected":false},"featured_media":702,"template":"","meta":{"_seopress_robots_primary_cat":"none","_seopress_titles_title":"HD Side View Camera for Blind Spot Monitoring | CA208-HD","_seopress_titles_desc":"The HD side view camera \u2013 both 720p and 1080p versions \u2013 delivers clear side views of vehicle surroundings. The ultra-wide angle offers drivers 170 degrees of complete coverage and is equipped with day\/nighttime performance.","_seopress_robots_index":""},"product_brand":[],"product_cat":[27],"product_tag":[],"class_list":{"0":"post-701","1":"product","2":"type-product","3":"status-publish","4":"has-post-thumbnail","6":"product_cat-backup-cameras","8":"first","9":"instock","10":"shipping-taxable","11":"product-type-simple"},"_links":{"self":[{"href":"https:\/\/visionsafetys.com\/de\/wp-json\/wp\/v2\/product\/701","targetHints":{"allow":["GET"]}}],"collection":[{"href":"https:\/\/visionsafetys.com\/de\/wp-json\/wp\/v2\/product"}],"about":[{"href":"https:\/\/visionsafetys.com\/de\/wp-json\/wp\/v2\/types\/product"}],"wp:featuredmedia":[{"embeddable":true,"href":"https:\/\/visionsafetys.com\/de\/wp-json\/wp\/v2\/media\/702"}],"wp:attachment":[{"href":"https:\/\/visionsafetys.com\/de\/wp-json\/wp\/v2\/media?parent=701"}],"wp:term":[{"taxonomy":"product_brand","embeddable":true,"href":"https:\/\/visionsafetys.com\/de\/wp-json\/wp\/v2\/product_brand?post=701"},{"taxonomy":"product_cat","embeddable":true,"href":"https:\/\/visionsafetys.com\/de\/wp-json\/wp\/v2\/product_cat?post=701"},{"taxonomy":"product_tag","embeddable":true,"href":"https:\/\/visionsafetys.com\/de\/wp-json\/wp\/v2\/product_tag?post=701"}],"curies":[{"name":"wp","href":"https:\/\/api.w.org\/{rel}","templated":true}]}}