{"id":687,"date":"2022-12-27T18:47:12","date_gmt":"2022-12-27T10:47:12","guid":{"rendered":"https:\/\/visionsafetys.com\/?post_type=product&#038;p=687"},"modified":"2022-12-30T11:19:54","modified_gmt":"2022-12-30T03:19:54","slug":"ca206-hd-backup-camera","status":"publish","type":"product","link":"https:\/\/visionsafetys.com\/de\/produkt\/ca206-hd-backup-camera\/","title":{"rendered":"CA206-HD R\u00fcckfahrkamera"},"content":{"rendered":"<p class=\"fusion-responsive-typography-calculated\" data-fontsize=\"19\" data-lineheight=\"28.88px\">Die CA206-HD R\u00fcckfahrkamera verf\u00fcgt \u00fcber 12 fortschrittliche Infrarotstrahler, mit denen Sie tags\u00fcber farbenfrohe Bilder und nachts klare Bilder genie\u00dfen k\u00f6nnen. Mit dem in der Kamera eingebauten Mikrofon k\u00f6nnen Sie sowohl h\u00f6ren als auch sehen, was hinter Ihnen ist, au\u00dferdem k\u00f6nnen Sie einfach das Spiegelbild oder kein Spiegelbild am Kabel ausw\u00e4hlen.<\/p>\n<p><img fetchpriority=\"high\" decoding=\"async\" class=\"aligncenter wp-image-694\" src=\"https:\/\/visionsafetys.com\/wp-content\/uploads\/2022\/12\/CA-206HD-Backup-camera-1-e1672138484826-300x256.jpg\" alt=\"\" width=\"1000\" height=\"852\" srcset=\"https:\/\/visionsafetys.com\/wp-content\/uploads\/2022\/12\/CA-206HD-Backup-camera-1-e1672138484826-300x256.jpg 300w, https:\/\/visionsafetys.com\/wp-content\/uploads\/2022\/12\/CA-206HD-Backup-camera-1-e1672138484826-1024x872.jpg 1024w, https:\/\/visionsafetys.com\/wp-content\/uploads\/2022\/12\/CA-206HD-Backup-camera-1-e1672138484826-768x654.jpg 768w, https:\/\/visionsafetys.com\/wp-content\/uploads\/2022\/12\/CA-206HD-Backup-camera-1-e1672138484826-600x511.jpg 600w, https:\/\/visionsafetys.com\/wp-content\/uploads\/2022\/12\/CA-206HD-Backup-camera-1-e1672138484826.jpg 1500w\" sizes=\"(max-width: 1000px) 100vw, 1000px\" \/><\/p>\n<table border=\"0\" width=\"1230\" cellspacing=\"0\" cellpadding=\"0\">\n<tbody>\n<tr>\n<td width=\"405\">Modell<\/td>\n<td width=\"825\">CA206-HD<\/td>\n<\/tr>\n<tr>\n<td width=\"405\">Bildsensor<\/td>\n<td width=\"825\">1\/2,9'' CMOS<\/td>\n<\/tr>\n<tr>\n<td width=\"405\">Aufl\u00f6sung<\/td>\n<td width=\"825\">1080P<\/td>\n<\/tr>\n<tr>\n<td width=\"405\">Effektive Pixel<\/td>\n<td width=\"825\">1920(H)x1080(V)<\/td>\n<\/tr>\n<tr>\n<td width=\"405\">Pixel Gr\u00f6\u00dfe<\/td>\n<td width=\"825\">1.8x1.8\u03bcm<\/td>\n<\/tr>\n<tr>\n<td width=\"405\">Betrachtungswinkel<\/td>\n<td width=\"825\">135 Grad<\/td>\n<\/tr>\n<tr>\n<td width=\"405\">Wasserdichte Bewertung<\/td>\n<td width=\"825\">IP69K<\/td>\n<\/tr>\n<tr>\n<td width=\"405\">Sto\u00dfsicher<\/td>\n<td width=\"825\">10G<\/td>\n<\/tr>\n<tr>\n<td width=\"405\">Bildfrequenz<\/td>\n<td width=\"825\">25\/30fps<\/td>\n<\/tr>\n<tr>\n<td width=\"405\">\u00a0LED-Leuchten<\/td>\n<td width=\"825\">12 St\u00fcck IR-LEDs<\/td>\n<\/tr>\n<tr>\n<td width=\"405\">Stromversorgung<\/td>\n<td width=\"825\">DC9-18V (vom Umkehrmonitor)<\/td>\n<\/tr>\n<tr>\n<td width=\"405\">Audio<\/td>\n<td width=\"825\">Unterst\u00fctzung<\/td>\n<\/tr>\n<tr>\n<td width=\"405\">Autoheizung<\/td>\n<td width=\"825\">Unterst\u00fctzung<\/td>\n<\/tr>\n<tr>\n<td width=\"405\">Nachtsichtweite<\/td>\n<td width=\"825\">15m<\/td>\n<\/tr>\n<tr>\n<td width=\"405\">Material des Geh\u00e4uses<\/td>\n<td width=\"825\">Strapazierf\u00e4higer Metallguss<\/td>\n<\/tr>\n<tr>\n<td width=\"405\">Stromverbrauch<\/td>\n<td width=\"825\">160mA<\/td>\n<\/tr>\n<tr>\n<td width=\"405\">Einheit Gewicht<\/td>\n<td width=\"825\">200g<\/td>\n<\/tr>\n<tr>\n<td width=\"405\">Betriebstemperatur<\/td>\n<td width=\"825\">-20\u2103-70\u2103\uff0c RH95%MAX<\/td>\n<\/tr>\n<\/tbody>\n<\/table>","protected":false},"excerpt":{"rendered":"<p>The CA206-HD backup camera boasts 12 advanced infrared illuminators, allowing you to enjoy colorful images during the day as well as clear imagery at night. With the camera\u2019s built-in microphone, you can hear as well as see what\u2019s behind you, also you could easily choose the mirror or no mirror image on the cable. Model [&hellip;]<\/p>","protected":false},"featured_media":926,"template":"","meta":{"_seopress_robots_primary_cat":"","_seopress_titles_title":"","_seopress_titles_desc":"","_seopress_robots_index":""},"product_brand":[],"product_cat":[27],"product_tag":[],"class_list":{"0":"post-687","1":"product","2":"type-product","3":"status-publish","4":"has-post-thumbnail","6":"product_cat-backup-cameras","8":"first","9":"instock","10":"shipping-taxable","11":"product-type-simple"},"_links":{"self":[{"href":"https:\/\/visionsafetys.com\/de\/wp-json\/wp\/v2\/product\/687","targetHints":{"allow":["GET"]}}],"collection":[{"href":"https:\/\/visionsafetys.com\/de\/wp-json\/wp\/v2\/product"}],"about":[{"href":"https:\/\/visionsafetys.com\/de\/wp-json\/wp\/v2\/types\/product"}],"wp:featuredmedia":[{"embeddable":true,"href":"https:\/\/visionsafetys.com\/de\/wp-json\/wp\/v2\/media\/926"}],"wp:attachment":[{"href":"https:\/\/visionsafetys.com\/de\/wp-json\/wp\/v2\/media?parent=687"}],"wp:term":[{"taxonomy":"product_brand","embeddable":true,"href":"https:\/\/visionsafetys.com\/de\/wp-json\/wp\/v2\/product_brand?post=687"},{"taxonomy":"product_cat","embeddable":true,"href":"https:\/\/visionsafetys.com\/de\/wp-json\/wp\/v2\/product_cat?post=687"},{"taxonomy":"product_tag","embeddable":true,"href":"https:\/\/visionsafetys.com\/de\/wp-json\/wp\/v2\/product_tag?post=687"}],"curies":[{"name":"wp","href":"https:\/\/api.w.org\/{rel}","templated":true}]}}