{"id":665,"date":"2022-12-27T17:03:48","date_gmt":"2022-12-27T09:03:48","guid":{"rendered":"https:\/\/visionsafetys.com\/?post_type=product&#038;p=665"},"modified":"2026-05-13T16:21:13","modified_gmt":"2026-05-13T08:21:13","slug":"ca202-hd-rearview-camera","status":"publish","type":"product","link":"https:\/\/visionsafetys.com\/de\/produkt\/ca202-hd-rearview-camera\/","title":{"rendered":"HD Truck Backup Camera with IR Night Vision | CA202-HD"},"content":{"rendered":"<p>Unsere beliebte CA202-HD-Kamera ist aus robustem Zinkmetall gefertigt, das das 1,8-mm-HD-Objektiv von Sony umschlie\u00dft. Sie hat einen Blickwinkel von 120\u00b0 und 2000 TV-Linien, was bedeutet, dass Sie die beste Bildqualit\u00e4t ohne blinde Flecken erhalten. Mit den 18 Infrarotlichtern k\u00f6nnen Sie selbst in der dunkelsten Nacht bis zu 50 Fu\u00df weit sehen, und der Schaumstoff um das Objektiv garantiert, dass die Infrarotlichter nicht blenden. Mit der Schutzart IP69K ist diese Kamera f\u00fcr alle Bedingungen ger\u00fcstet und verf\u00fcgt \u00fcber eine Vibrationsfestigkeit von 10 G sowie Kabelanschl\u00fcsse in Flugzeugqualit\u00e4t.<\/p>\n<p><img fetchpriority=\"high\" decoding=\"async\" class=\"aligncenter wp-image-666\" src=\"https:\/\/visionsafetys.com\/wp-content\/uploads\/2022\/12\/CA-202HD-TRUCK-CAMERA-DETAILS-300x169.jpg\" alt=\"\" width=\"1000\" height=\"563\" srcset=\"https:\/\/visionsafetys.com\/wp-content\/uploads\/2022\/12\/CA-202HD-TRUCK-CAMERA-DETAILS-300x169.jpg 300w, https:\/\/visionsafetys.com\/wp-content\/uploads\/2022\/12\/CA-202HD-TRUCK-CAMERA-DETAILS-1024x576.jpg 1024w, https:\/\/visionsafetys.com\/wp-content\/uploads\/2022\/12\/CA-202HD-TRUCK-CAMERA-DETAILS-768x432.jpg 768w, https:\/\/visionsafetys.com\/wp-content\/uploads\/2022\/12\/CA-202HD-TRUCK-CAMERA-DETAILS-1536x864.jpg 1536w, https:\/\/visionsafetys.com\/wp-content\/uploads\/2022\/12\/CA-202HD-TRUCK-CAMERA-DETAILS-2048x1152.jpg 2048w, https:\/\/visionsafetys.com\/wp-content\/uploads\/2022\/12\/CA-202HD-TRUCK-CAMERA-DETAILS-600x338.jpg 600w\" sizes=\"(max-width: 1000px) 100vw, 1000px\" \/><\/p>\n<table border=\"0\" width=\"1230\" cellspacing=\"0\" cellpadding=\"0\">\n<tbody>\n<tr>\n<td width=\"405\">Modell<\/td>\n<td width=\"825\">CA202-HD<\/td>\n<\/tr>\n<tr>\n<td width=\"405\">Bildsensor<\/td>\n<td width=\"825\">1\/2,9'' CMOS<\/td>\n<\/tr>\n<tr>\n<td width=\"405\">Aufl\u00f6sung<\/td>\n<td width=\"825\">1080P<\/td>\n<\/tr>\n<tr>\n<td width=\"405\">Effektive Pixel<\/td>\n<td width=\"825\">1920(H)x1080(V)<\/td>\n<\/tr>\n<tr>\n<td width=\"405\">Pixel Gr\u00f6\u00dfe<\/td>\n<td width=\"825\">1.8x1.8\u03bcm<\/td>\n<\/tr>\n<tr>\n<td width=\"405\">Betrachtungswinkel<\/td>\n<td width=\"825\">\u00a0120 Grad<\/td>\n<\/tr>\n<tr>\n<td width=\"405\">Wasserdichte Bewertung<\/td>\n<td width=\"825\">IP69K<\/td>\n<\/tr>\n<tr>\n<td width=\"405\">Sto\u00dfsicher<\/td>\n<td width=\"825\">10G<\/td>\n<\/tr>\n<tr>\n<td width=\"405\">Bildfrequenz<\/td>\n<td width=\"825\">25\/30fps<\/td>\n<\/tr>\n<tr>\n<td width=\"405\">\u00a0LED-Leuchten5<\/td>\n<td width=\"825\">18 St\u00fcck IR-LEDs<\/td>\n<\/tr>\n<tr>\n<td width=\"405\">Stromversorgung<\/td>\n<td width=\"825\">DC9-18V (vom Umkehrmonitor)<\/td>\n<\/tr>\n<tr>\n<td width=\"405\">Audio<\/td>\n<td width=\"825\">Unterst\u00fctzung<\/td>\n<\/tr>\n<tr>\n<td width=\"405\">Autoheizung<\/td>\n<td width=\"825\">Unterst\u00fctzung<\/td>\n<\/tr>\n<tr>\n<td width=\"405\">Nachtsichtweite<\/td>\n<td width=\"825\">15m<\/td>\n<\/tr>\n<tr>\n<td width=\"405\">Material des Geh\u00e4uses<\/td>\n<td width=\"825\">Strapazierf\u00e4higer Metallguss<\/td>\n<\/tr>\n<tr>\n<td width=\"405\">Stromverbrauch<\/td>\n<td width=\"825\">160mA<\/td>\n<\/tr>\n<tr>\n<td width=\"405\">Einheit Gewicht<\/td>\n<td width=\"825\">200g<\/td>\n<\/tr>\n<tr>\n<td width=\"405\">Betriebstemperatur<\/td>\n<td width=\"825\">-20\u2103-70\u2103\uff0c RH95%MAX<\/td>\n<\/tr>\n<\/tbody>\n<\/table>","protected":false},"excerpt":{"rendered":"<p>Our popular CA202-HD camera is built with heavy-duty zinc metal which encases the 1.8 mm sony HD lens. It has a viewing angle of 120\u00b0 and 2000 TV lines, which means you get the best quality image with no blind spots. The 18 infrared lights allow you to see up to 50 feet even in [&hellip;]<\/p>","protected":false},"featured_media":670,"template":"","meta":{"_seopress_robots_primary_cat":"none","_seopress_titles_title":"HD Truck Backup Camera with IR Night Vision | CA202-HD","_seopress_titles_desc":"Our popular CA202-HD camera is built with heavy-duty zinc metal which encases the 1.8 mm sony HD lens. It has a viewing angle of 120\u00b0 and 2000 TV lines, which means you get the best quality image with no blind spots.","_seopress_robots_index":""},"product_brand":[],"product_cat":[27],"product_tag":[],"class_list":{"0":"post-665","1":"product","2":"type-product","3":"status-publish","4":"has-post-thumbnail","6":"product_cat-backup-cameras","8":"first","9":"instock","10":"shipping-taxable","11":"product-type-simple"},"_links":{"self":[{"href":"https:\/\/visionsafetys.com\/de\/wp-json\/wp\/v2\/product\/665","targetHints":{"allow":["GET"]}}],"collection":[{"href":"https:\/\/visionsafetys.com\/de\/wp-json\/wp\/v2\/product"}],"about":[{"href":"https:\/\/visionsafetys.com\/de\/wp-json\/wp\/v2\/types\/product"}],"wp:featuredmedia":[{"embeddable":true,"href":"https:\/\/visionsafetys.com\/de\/wp-json\/wp\/v2\/media\/670"}],"wp:attachment":[{"href":"https:\/\/visionsafetys.com\/de\/wp-json\/wp\/v2\/media?parent=665"}],"wp:term":[{"taxonomy":"product_brand","embeddable":true,"href":"https:\/\/visionsafetys.com\/de\/wp-json\/wp\/v2\/product_brand?post=665"},{"taxonomy":"product_cat","embeddable":true,"href":"https:\/\/visionsafetys.com\/de\/wp-json\/wp\/v2\/product_cat?post=665"},{"taxonomy":"product_tag","embeddable":true,"href":"https:\/\/visionsafetys.com\/de\/wp-json\/wp\/v2\/product_tag?post=665"}],"curies":[{"name":"wp","href":"https:\/\/api.w.org\/{rel}","templated":true}]}}