{"id":656,"date":"2022-12-27T15:30:54","date_gmt":"2022-12-27T07:30:54","guid":{"rendered":"https:\/\/visionsafetys.com\/?post_type=product&#038;p=656"},"modified":"2023-09-11T16:29:53","modified_gmt":"2023-09-11T08:29:53","slug":"m1009-hd-waterproof-monitor","status":"publish","type":"product","link":"https:\/\/visionsafetys.com\/de\/produkt\/m1009-hd-waterproof-monitor\/","title":{"rendered":"M1009-HD Wasserdichter Monitor"},"content":{"rendered":"<p class=\"fusion-responsive-typography-calculated\" data-fontsize=\"19\" data-lineheight=\"28.88px\">Der wasserdichte Monitor M1009-HD ist wasserdicht nach IP69K und verf\u00fcgt \u00fcber 3 Kameraeing\u00e4nge mit umschaltbaren Vollbildansichten. Bis zu 2 Sensoren l\u00f6sen automatisch die Anzeige einer Kameraansicht aus, um eine visuelle Hilfe f\u00fcr einen einzelnen blinden Fleck zu liefern. Er ist die perfekte Wahl f\u00fcr den Au\u00dfeneinsatz von Gabelstaplern, Kr\u00e4nen und in der Landwirtschaft an regnerischen Tagen.<\/p>\n<h6 data-fontsize=\"19\" data-lineheight=\"28.88px\"><img fetchpriority=\"high\" decoding=\"async\" class=\"alignnone wp-image-3889 size-full\" src=\"https:\/\/visionsafetys.com\/wp-content\/uploads\/2022\/12\/m709-waterproof-heavy-duty-monitor-webp-1.webp\" alt=\"m1009 hd wasserdichter Monitor\" width=\"2073\" height=\"1116\" srcset=\"https:\/\/visionsafetys.com\/wp-content\/uploads\/2022\/12\/m709-waterproof-heavy-duty-monitor-webp-1.webp 2073w, https:\/\/visionsafetys.com\/wp-content\/uploads\/2022\/12\/m709-waterproof-heavy-duty-monitor-webp-1-300x162.webp 300w, https:\/\/visionsafetys.com\/wp-content\/uploads\/2022\/12\/m709-waterproof-heavy-duty-monitor-webp-1-1024x551.webp 1024w, https:\/\/visionsafetys.com\/wp-content\/uploads\/2022\/12\/m709-waterproof-heavy-duty-monitor-webp-1-768x413.webp 768w, https:\/\/visionsafetys.com\/wp-content\/uploads\/2022\/12\/m709-waterproof-heavy-duty-monitor-webp-1-1536x827.webp 1536w, https:\/\/visionsafetys.com\/wp-content\/uploads\/2022\/12\/m709-waterproof-heavy-duty-monitor-webp-1-2048x1103.webp 2048w, https:\/\/visionsafetys.com\/wp-content\/uploads\/2022\/12\/m709-waterproof-heavy-duty-monitor-webp-1-600x323.webp 600w\" sizes=\"(max-width: 2073px) 100vw, 2073px\" \/><\/h6>\n<table border=\"0\" width=\"1210\" cellspacing=\"0\" cellpadding=\"0\">\n<tbody>\n<tr>\n<td width=\"381\">Modell<\/td>\n<td width=\"828\">M1009-HD<\/td>\n<\/tr>\n<tr>\n<td width=\"381\">Bildschirmgr\u00f6\u00dfe<\/td>\n<td width=\"828\">10.1Zoll<\/td>\n<\/tr>\n<tr>\n<td width=\"381\">Bildseitenverh\u00e4ltnis<\/td>\n<td width=\"828\">16:9<\/td>\n<\/tr>\n<tr>\n<td width=\"381\">Aufl\u00f6sung<\/td>\n<td width=\"828\">1024xR.G.Bx600<\/td>\n<\/tr>\n<tr>\n<td width=\"381\">Kontrast<\/td>\n<td width=\"828\">500:1<\/td>\n<\/tr>\n<tr>\n<td width=\"381\">Helligkeit<\/td>\n<td width=\"828\">450cd\/\u33a1<\/td>\n<\/tr>\n<tr>\n<td width=\"381\">Betrachtungswinkel<\/td>\n<td width=\"828\">L\/R:70, Oben:50, Unten:70<\/td>\n<\/tr>\n<tr>\n<td width=\"381\">TV-System<\/td>\n<td width=\"828\">NTSC\/PAL (automatische Umschaltung)<\/td>\n<\/tr>\n<tr>\n<td width=\"381\">Video-Eingang<\/td>\n<td width=\"828\">Zwei oder vier Kan\u00e4le<\/td>\n<\/tr>\n<tr>\n<td width=\"381\">Stromversorgung<\/td>\n<td width=\"828\">DC9-32V<\/td>\n<\/tr>\n<tr>\n<td width=\"381\">Video-Format<\/td>\n<td width=\"828\">AHD\/CVBS<\/td>\n<\/tr>\n<tr>\n<td width=\"381\">Spiegeln<\/td>\n<td width=\"828\">Nicht spiegeln, spiegeln, umdrehen, spiegeln, umdrehen<\/td>\n<\/tr>\n<tr>\n<td width=\"381\">Sprecher<\/td>\n<td width=\"828\">Unterst\u00fctzung<\/td>\n<\/tr>\n<tr>\n<td width=\"381\">Dimension<\/td>\n<td width=\"828\">262mm(L)x34mm(T)x185mm(H) ohne Halterung<\/td>\n<\/tr>\n<tr>\n<td width=\"381\">Betriebstemperatur<\/td>\n<td width=\"828\">-20\u2103~70\u2103<\/td>\n<\/tr>\n<\/tbody>\n<\/table>","protected":false},"excerpt":{"rendered":"<p>The M1009-HD waterproof monitor features IP69K waterproof rating and 3 camera inputs with switchable full-screen views. Up to 2 sensors automatically trigger the display of a camera\u2019s view to supply a visual aid of a single-blind spot, It\u2019s a perfect choice in the outside application of forklifts, cranes, and agriculture on rainy days. Model M1009-HD [&hellip;]<\/p>","protected":false},"featured_media":3884,"template":"","meta":{"_seopress_robots_primary_cat":"none","_seopress_titles_title":"","_seopress_titles_desc":"","_seopress_robots_index":""},"product_brand":[],"product_cat":[26],"product_tag":[],"class_list":{"0":"post-656","1":"product","2":"type-product","3":"status-publish","4":"has-post-thumbnail","6":"product_cat-rearview-monitors","8":"first","9":"instock","10":"shipping-taxable","11":"product-type-simple"},"_links":{"self":[{"href":"https:\/\/visionsafetys.com\/de\/wp-json\/wp\/v2\/product\/656","targetHints":{"allow":["GET"]}}],"collection":[{"href":"https:\/\/visionsafetys.com\/de\/wp-json\/wp\/v2\/product"}],"about":[{"href":"https:\/\/visionsafetys.com\/de\/wp-json\/wp\/v2\/types\/product"}],"wp:featuredmedia":[{"embeddable":true,"href":"https:\/\/visionsafetys.com\/de\/wp-json\/wp\/v2\/media\/3884"}],"wp:attachment":[{"href":"https:\/\/visionsafetys.com\/de\/wp-json\/wp\/v2\/media?parent=656"}],"wp:term":[{"taxonomy":"product_brand","embeddable":true,"href":"https:\/\/visionsafetys.com\/de\/wp-json\/wp\/v2\/product_brand?post=656"},{"taxonomy":"product_cat","embeddable":true,"href":"https:\/\/visionsafetys.com\/de\/wp-json\/wp\/v2\/product_cat?post=656"},{"taxonomy":"product_tag","embeddable":true,"href":"https:\/\/visionsafetys.com\/de\/wp-json\/wp\/v2\/product_tag?post=656"}],"curies":[{"name":"wp","href":"https:\/\/api.w.org\/{rel}","templated":true}]}}