{"id":652,"date":"2022-12-27T15:16:55","date_gmt":"2022-12-27T07:16:55","guid":{"rendered":"https:\/\/visionsafetys.com\/?post_type=product&#038;p=652"},"modified":"2023-09-11T16:24:38","modified_gmt":"2023-09-11T08:24:38","slug":"m906-touch-button-monitor","status":"publish","type":"product","link":"https:\/\/visionsafetys.com\/de\/produkt\/m906-touch-button-monitor\/","title":{"rendered":"M906-HD Monitor mit Ber\u00fchrungstasten"},"content":{"rendered":"<p class=\"fusion-responsive-typography-calculated\" data-fontsize=\"19\" data-lineheight=\"28.88px\">Der M906HD unterst\u00fctzt bis zu 4 Wege. Das 9-Zoll-Display bietet Vollbildansichten jeder Kamera und enth\u00e4lt bis zu 3 Ausl\u00f6ser, um automatisch zur Ansicht einer Kamera zu wechseln. Ausgestattet mit Parklinien, die beim R\u00fcckw\u00e4rtsfahren helfen, und einem eingebauten Lautsprecher, damit der Fahrer die Aktivit\u00e4ten innerhalb der Reichweite der Kamera sowohl sehen als auch h\u00f6ren kann.<\/p>\n<h6 data-fontsize=\"19\" data-lineheight=\"28.88px\"><img fetchpriority=\"high\" decoding=\"async\" class=\"aligncenter wp-image-618\" src=\"https:\/\/visionsafetys.com\/wp-content\/uploads\/2022\/12\/VST706-VEHICLE-MONITOR-FEATURES-300x300.jpg\" alt=\"\" width=\"800\" height=\"800\" srcset=\"https:\/\/visionsafetys.com\/wp-content\/uploads\/2022\/12\/VST706-VEHICLE-MONITOR-FEATURES-300x300.jpg 300w, https:\/\/visionsafetys.com\/wp-content\/uploads\/2022\/12\/VST706-VEHICLE-MONITOR-FEATURES-150x150.jpg 150w, https:\/\/visionsafetys.com\/wp-content\/uploads\/2022\/12\/VST706-VEHICLE-MONITOR-FEATURES-768x768.jpg 768w, https:\/\/visionsafetys.com\/wp-content\/uploads\/2022\/12\/VST706-VEHICLE-MONITOR-FEATURES-600x600.jpg 600w, https:\/\/visionsafetys.com\/wp-content\/uploads\/2022\/12\/VST706-VEHICLE-MONITOR-FEATURES-100x100.jpg 100w, https:\/\/visionsafetys.com\/wp-content\/uploads\/2022\/12\/VST706-VEHICLE-MONITOR-FEATURES.jpg 960w\" sizes=\"(max-width: 800px) 100vw, 800px\" \/><\/h6>\n<table border=\"0\" width=\"1210\" cellspacing=\"0\" cellpadding=\"0\">\n<tbody>\n<tr>\n<td width=\"381\">Modell<\/td>\n<td width=\"828\">M906-HD<\/td>\n<\/tr>\n<tr>\n<td width=\"381\">Bildschirmgr\u00f6\u00dfe<\/td>\n<td width=\"828\">9 Zoll<\/td>\n<\/tr>\n<tr>\n<td width=\"381\">Bildseitenverh\u00e4ltnis<\/td>\n<td width=\"828\">16:9<\/td>\n<\/tr>\n<tr>\n<td width=\"381\">Aufl\u00f6sung<\/td>\n<td width=\"828\">1024xR.G.Bx600<\/td>\n<\/tr>\n<tr>\n<td width=\"381\">Kontrast<\/td>\n<td width=\"828\">500:1<\/td>\n<\/tr>\n<tr>\n<td width=\"381\">Helligkeit<\/td>\n<td width=\"828\">450cd\/\u33a1<\/td>\n<\/tr>\n<tr>\n<td width=\"381\">Betrachtungswinkel<\/td>\n<td width=\"828\">L\/R:70, Oben:50, Unten:70<\/td>\n<\/tr>\n<tr>\n<td width=\"381\">TV-System<\/td>\n<td width=\"828\">NTSC\/PAL (automatische Umschaltung)<\/td>\n<\/tr>\n<tr>\n<td width=\"381\">Video-Eingang<\/td>\n<td width=\"828\">Zwei oder vier Kan\u00e4le<\/td>\n<\/tr>\n<tr>\n<td width=\"381\">Stromversorgung<\/td>\n<td width=\"828\">DC9-32V<\/td>\n<\/tr>\n<tr>\n<td width=\"381\">Video-Format<\/td>\n<td width=\"828\">AHD\/CVBS<\/td>\n<\/tr>\n<tr>\n<td width=\"381\">Spiegeln<\/td>\n<td width=\"828\">Nicht spiegeln, spiegeln, umdrehen, spiegeln, umdrehen<\/td>\n<\/tr>\n<tr>\n<td width=\"381\">Sprecher<\/td>\n<td width=\"828\">Unterst\u00fctzung<\/td>\n<\/tr>\n<tr>\n<td width=\"381\">Dimension<\/td>\n<td width=\"828\">228mm(L)x26mm(T)x154mm(H) ohne Sonnenschirm<\/td>\n<\/tr>\n<tr>\n<td width=\"381\">Betriebstemperatur<\/td>\n<td width=\"828\">-20\u2103~70\u2103<\/td>\n<\/tr>\n<\/tbody>\n<\/table>\n<p>&nbsp;<\/p>","protected":false},"excerpt":{"rendered":"<p>The M906HD supports up to 4 ways, The 9-inch display provides full-screen views of each camera and includes up to 3 triggers to automatically switch to a camera\u2019s view. Equipped with parking lines to assist when maneuvering backward, also includes a built-in speaker so drivers can both see and hear activity within the camera\u2019s range. [&hellip;]<\/p>","protected":false},"featured_media":3881,"template":"","meta":{"_seopress_robots_primary_cat":"none","_seopress_titles_title":"","_seopress_titles_desc":"","_seopress_robots_index":""},"product_brand":[],"product_cat":[26],"product_tag":[],"class_list":{"0":"post-652","1":"product","2":"type-product","3":"status-publish","4":"has-post-thumbnail","6":"product_cat-rearview-monitors","8":"first","9":"instock","10":"shipping-taxable","11":"product-type-simple"},"_links":{"self":[{"href":"https:\/\/visionsafetys.com\/de\/wp-json\/wp\/v2\/product\/652","targetHints":{"allow":["GET"]}}],"collection":[{"href":"https:\/\/visionsafetys.com\/de\/wp-json\/wp\/v2\/product"}],"about":[{"href":"https:\/\/visionsafetys.com\/de\/wp-json\/wp\/v2\/types\/product"}],"wp:featuredmedia":[{"embeddable":true,"href":"https:\/\/visionsafetys.com\/de\/wp-json\/wp\/v2\/media\/3881"}],"wp:attachment":[{"href":"https:\/\/visionsafetys.com\/de\/wp-json\/wp\/v2\/media?parent=652"}],"wp:term":[{"taxonomy":"product_brand","embeddable":true,"href":"https:\/\/visionsafetys.com\/de\/wp-json\/wp\/v2\/product_brand?post=652"},{"taxonomy":"product_cat","embeddable":true,"href":"https:\/\/visionsafetys.com\/de\/wp-json\/wp\/v2\/product_cat?post=652"},{"taxonomy":"product_tag","embeddable":true,"href":"https:\/\/visionsafetys.com\/de\/wp-json\/wp\/v2\/product_tag?post=652"}],"curies":[{"name":"wp","href":"https:\/\/api.w.org\/{rel}","templated":true}]}}