{"id":645,"date":"2022-12-27T14:26:17","date_gmt":"2022-12-27T06:26:17","guid":{"rendered":"https:\/\/visionsafetys.com\/?post_type=product&#038;p=645"},"modified":"2023-09-11T15:41:32","modified_gmt":"2023-09-11T07:41:32","slug":"m703-hd-touch-button-monitor","status":"publish","type":"product","link":"https:\/\/visionsafetys.com\/de\/produkt\/m703-hd-touch-button-monitor\/","title":{"rendered":"M703-HD Monitor mit Ber\u00fchrungstasten"},"content":{"rendered":"<table border=\"0\" width=\"1210\" cellspacing=\"0\" cellpadding=\"0\">\n<tbody>\n<tr>\n<td width=\"381\">Modell<\/td>\n<td width=\"828\">M703-HD<\/td>\n<\/tr>\n<tr>\n<td width=\"381\">Bildschirmgr\u00f6\u00dfe<\/td>\n<td width=\"828\">7Zoll<\/td>\n<\/tr>\n<tr>\n<td width=\"381\">Bildseitenverh\u00e4ltnis<\/td>\n<td width=\"828\">16:9<\/td>\n<\/tr>\n<tr>\n<td width=\"381\">Aufl\u00f6sung<\/td>\n<td width=\"828\">1024xR.G.Bx600<\/td>\n<\/tr>\n<tr>\n<td width=\"381\">Kontrast<\/td>\n<td width=\"828\">500:1<\/td>\n<\/tr>\n<tr>\n<td width=\"381\">Helligkeit<\/td>\n<td width=\"828\">450cd\/\u33a1<\/td>\n<\/tr>\n<tr>\n<td width=\"381\">Betrachtungswinkel<\/td>\n<td width=\"828\">L\/R:70, Oben:50, Unten:70<\/td>\n<\/tr>\n<tr>\n<td width=\"381\">TV-System<\/td>\n<td width=\"828\">NTSC\/PAL (automatische Umschaltung)<\/td>\n<\/tr>\n<tr>\n<td width=\"381\">Video-Eingang<\/td>\n<td width=\"828\">Zwei oder vier Kan\u00e4le<\/td>\n<\/tr>\n<tr>\n<td width=\"381\">Stromversorgung<\/td>\n<td width=\"828\">DC9-32V<\/td>\n<\/tr>\n<tr>\n<td width=\"381\">Video-Format<\/td>\n<td width=\"828\">AHD\/CVBS<\/td>\n<\/tr>\n<tr>\n<td width=\"381\">Spiegeln<\/td>\n<td width=\"828\">Nicht spiegeln, spiegeln, umdrehen, spiegeln, umdrehen<\/td>\n<\/tr>\n<tr>\n<td width=\"381\">Sprecher<\/td>\n<td width=\"828\">Unterst\u00fctzung<\/td>\n<\/tr>\n<tr>\n<td width=\"381\">Dimension<\/td>\n<td width=\"828\">175mm(L)x27.5mm(T)x120mm(H) ohne Sonnenschirm<\/td>\n<\/tr>\n<tr>\n<td width=\"381\">Betriebstemperatur<\/td>\n<td width=\"828\">-20\u2103~70\u2103<\/td>\n<\/tr>\n<\/tbody>\n<\/table>","protected":false},"excerpt":{"rendered":"<p>Modell M703-HD Bildschirmgr\u00f6\u00dfe 7 Zoll Bildseitenverh\u00e4ltnis 16:9 Aufl\u00f6sung 1024xR.G.Bx600 Kontrast 500:1 Helligkeit 450cd\/\u33a1 Betrachtungswinkel L\/R:70, Oben:50, Unten:70 TV-System NTSC\/PAL (automatische Umschaltung) Videoeingang Zwei- oder Vierkanal Stromversorgung DC9-32V Videoformat AHD\/CVBS Spiegel Flip Nicht-Spiegel, Spiegel, Flip, Spiegel Flip Lautsprecherunterst\u00fctzung Abmessung 175mm(L)x27.5mm(D)x120mm(H) ohne Sonnenschirm Betriebstemperatur -20\u2103~70\u2103<\/p>","protected":false},"featured_media":3868,"template":"","meta":{"_seopress_robots_primary_cat":"none","_seopress_titles_title":"","_seopress_titles_desc":"","_seopress_robots_index":""},"product_brand":[],"product_cat":[26],"product_tag":[],"class_list":{"0":"post-645","1":"product","2":"type-product","3":"status-publish","4":"has-post-thumbnail","6":"product_cat-rearview-monitors","8":"first","9":"instock","10":"shipping-taxable","11":"product-type-simple"},"_links":{"self":[{"href":"https:\/\/visionsafetys.com\/de\/wp-json\/wp\/v2\/product\/645","targetHints":{"allow":["GET"]}}],"collection":[{"href":"https:\/\/visionsafetys.com\/de\/wp-json\/wp\/v2\/product"}],"about":[{"href":"https:\/\/visionsafetys.com\/de\/wp-json\/wp\/v2\/types\/product"}],"wp:featuredmedia":[{"embeddable":true,"href":"https:\/\/visionsafetys.com\/de\/wp-json\/wp\/v2\/media\/3868"}],"wp:attachment":[{"href":"https:\/\/visionsafetys.com\/de\/wp-json\/wp\/v2\/media?parent=645"}],"wp:term":[{"taxonomy":"product_brand","embeddable":true,"href":"https:\/\/visionsafetys.com\/de\/wp-json\/wp\/v2\/product_brand?post=645"},{"taxonomy":"product_cat","embeddable":true,"href":"https:\/\/visionsafetys.com\/de\/wp-json\/wp\/v2\/product_cat?post=645"},{"taxonomy":"product_tag","embeddable":true,"href":"https:\/\/visionsafetys.com\/de\/wp-json\/wp\/v2\/product_tag?post=645"}],"curies":[{"name":"wp","href":"https:\/\/api.w.org\/{rel}","templated":true}]}}