{"id":623,"date":"2022-12-25T22:31:37","date_gmt":"2022-12-25T14:31:37","guid":{"rendered":"https:\/\/visionsafetys.com\/?post_type=product&#038;p=623"},"modified":"2023-09-11T15:34:25","modified_gmt":"2023-09-11T07:34:25","slug":"m707-rearview-monitor","status":"publish","type":"product","link":"https:\/\/visionsafetys.com\/de\/produkt\/m707-rearview-monitor\/","title":{"rendered":"M707-HD R\u00fcckfahrmonitor"},"content":{"rendered":"<p class=\"fusion-responsive-typography-calculated\" data-fontsize=\"19\" data-lineheight=\"28.88px\">Der M707 HD-Monitor verf\u00fcgt \u00fcber eine Sonnenblende, die f\u00fcr den b\u00fcndigen Einbau in die Mittelkonsole von Fahrzeugen konzipiert ist. 3 Kameraeing\u00e4nge mit umschaltbaren Vollbildansichten. Bis zu 2 Sensoren l\u00f6sen automatisch die Anzeige einer Kameraansicht aus, um eine visuelle Hilfe f\u00fcr einen einzelnen blinden Fleck zu liefern. Ausgestattet mit einer Spiegelung ist der 707 Monitor ideal f\u00fcr Busse und LKWs.<\/p>\n<p data-fontsize=\"19\" data-lineheight=\"28.88px\"><img fetchpriority=\"high\" decoding=\"async\" class=\"alignnone wp-image-3867 size-full\" src=\"https:\/\/visionsafetys.com\/wp-content\/uploads\/2022\/12\/m707-hd-vehicle-monitor-details.webp\" alt=\"m707 hd-r\u00fcckblickmonitor\" width=\"2190\" height=\"1101\" srcset=\"https:\/\/visionsafetys.com\/wp-content\/uploads\/2022\/12\/m707-hd-vehicle-monitor-details.webp 2190w, https:\/\/visionsafetys.com\/wp-content\/uploads\/2022\/12\/m707-hd-vehicle-monitor-details-300x151.webp 300w, https:\/\/visionsafetys.com\/wp-content\/uploads\/2022\/12\/m707-hd-vehicle-monitor-details-1024x515.webp 1024w, https:\/\/visionsafetys.com\/wp-content\/uploads\/2022\/12\/m707-hd-vehicle-monitor-details-768x386.webp 768w, https:\/\/visionsafetys.com\/wp-content\/uploads\/2022\/12\/m707-hd-vehicle-monitor-details-1536x772.webp 1536w, https:\/\/visionsafetys.com\/wp-content\/uploads\/2022\/12\/m707-hd-vehicle-monitor-details-2048x1030.webp 2048w, https:\/\/visionsafetys.com\/wp-content\/uploads\/2022\/12\/m707-hd-vehicle-monitor-details-600x302.webp 600w\" sizes=\"(max-width: 2190px) 100vw, 2190px\" \/><\/p>\n<table border=\"0\" width=\"1210\" cellspacing=\"0\" cellpadding=\"0\">\n<tbody>\n<tr>\n<td width=\"381\">Modell<\/td>\n<td width=\"828\">M707-HD<\/td>\n<\/tr>\n<tr>\n<td width=\"381\">Bildschirmgr\u00f6\u00dfe<\/td>\n<td width=\"828\">7Zoll<\/td>\n<\/tr>\n<tr>\n<td width=\"381\">Bildseitenverh\u00e4ltnis<\/td>\n<td width=\"828\">16:9<\/td>\n<\/tr>\n<tr>\n<td width=\"381\">Aufl\u00f6sung<\/td>\n<td width=\"828\">1024xR.G.Bx600<\/td>\n<\/tr>\n<tr>\n<td width=\"381\">Kontrast<\/td>\n<td width=\"828\">500:1<\/td>\n<\/tr>\n<tr>\n<td width=\"381\">Helligkeit<\/td>\n<td width=\"828\">450cd\/\u33a1<\/td>\n<\/tr>\n<tr>\n<td width=\"381\">Betrachtungswinkel<\/td>\n<td width=\"828\">L\/R:70, Oben:50, Unten:70<\/td>\n<\/tr>\n<tr>\n<td width=\"381\">TV-System<\/td>\n<td width=\"828\">NTSC\/PAL (automatische Umschaltung)<\/td>\n<\/tr>\n<tr>\n<td width=\"381\">Video-Eingang<\/td>\n<td width=\"828\">3 Wege<\/td>\n<\/tr>\n<tr>\n<td width=\"381\">Stromversorgung<\/td>\n<td width=\"828\">DC9-32V<\/td>\n<\/tr>\n<tr>\n<td width=\"381\">Video-Format<\/td>\n<td width=\"828\">AHD\/CVBS<\/td>\n<\/tr>\n<tr>\n<td width=\"381\">Spiegeln<\/td>\n<td width=\"828\">Nicht spiegeln, spiegeln, umdrehen, spiegeln, umdrehen<\/td>\n<\/tr>\n<tr>\n<td width=\"381\">Sprecher<\/td>\n<td width=\"828\">Unterst\u00fctzung<\/td>\n<\/tr>\n<tr>\n<td width=\"381\">Dimension<\/td>\n<td width=\"828\">177mm(L)x26mm(T)x122mm(H) ohne Sonnenschirm<\/td>\n<\/tr>\n<tr>\n<td width=\"381\">Betriebstemperatur<\/td>\n<td width=\"828\">-20\u2103~70\u2103<\/td>\n<\/tr>\n<\/tbody>\n<\/table>\n<p>&nbsp;<\/p>","protected":false},"excerpt":{"rendered":"<p>The M707 HD monitor features the sunshade designed on the flush mount,\u00a0 universally embedded in the center stack of vehicles. 3 camera inputs with switchable full-screen views. Up to 2 sensors automatically trigger the display of a camera\u2019s view to supply a visual aid of a single-blind spot. Equipped with mirror imaging, the 707 monitor [&hellip;]<\/p>","protected":false},"featured_media":3861,"template":"","meta":{"_seopress_robots_primary_cat":"none","_seopress_titles_title":"","_seopress_titles_desc":"","_seopress_robots_index":""},"product_brand":[],"product_cat":[26],"product_tag":[],"class_list":{"0":"post-623","1":"product","2":"type-product","3":"status-publish","4":"has-post-thumbnail","6":"product_cat-rearview-monitors","8":"first","9":"instock","10":"shipping-taxable","11":"product-type-simple"},"_links":{"self":[{"href":"https:\/\/visionsafetys.com\/de\/wp-json\/wp\/v2\/product\/623","targetHints":{"allow":["GET"]}}],"collection":[{"href":"https:\/\/visionsafetys.com\/de\/wp-json\/wp\/v2\/product"}],"about":[{"href":"https:\/\/visionsafetys.com\/de\/wp-json\/wp\/v2\/types\/product"}],"wp:featuredmedia":[{"embeddable":true,"href":"https:\/\/visionsafetys.com\/de\/wp-json\/wp\/v2\/media\/3861"}],"wp:attachment":[{"href":"https:\/\/visionsafetys.com\/de\/wp-json\/wp\/v2\/media?parent=623"}],"wp:term":[{"taxonomy":"product_brand","embeddable":true,"href":"https:\/\/visionsafetys.com\/de\/wp-json\/wp\/v2\/product_brand?post=623"},{"taxonomy":"product_cat","embeddable":true,"href":"https:\/\/visionsafetys.com\/de\/wp-json\/wp\/v2\/product_cat?post=623"},{"taxonomy":"product_tag","embeddable":true,"href":"https:\/\/visionsafetys.com\/de\/wp-json\/wp\/v2\/product_tag?post=623"}],"curies":[{"name":"wp","href":"https:\/\/api.w.org\/{rel}","templated":true}]}}