{"id":4150,"date":"2024-07-29T10:59:23","date_gmt":"2024-07-29T02:59:23","guid":{"rendered":"https:\/\/visionsafetys.com\/?post_type=product&#038;p=4150"},"modified":"2026-05-13T16:23:40","modified_gmt":"2026-05-13T08:23:40","slug":"ca204-hd-rearview-camera","status":"publish","type":"product","link":"https:\/\/visionsafetys.com\/de\/produkt\/ca204-hd-rearview-camera\/","title":{"rendered":"Wide Angle Rear View Camera for Trucks | CA204-HD"},"content":{"rendered":"<p>Die CA204 AHD-R\u00fcckfahrkamera ist vollst\u00e4ndig wasserdicht nach IP69K-Standard, solide und zuverl\u00e4ssig, sto\u00dffest bis 10G Vibration und beliebt in Wohnwagen, Lastwagen, Bussen, Gabelstaplern, Landwirtschaft und Baumaschinen.<\/p>\n<p><img fetchpriority=\"high\" decoding=\"async\" class=\"alignnone size-full wp-image-4154\" src=\"https:\/\/visionsafetys.com\/wp-content\/uploads\/2024\/07\/ca204-4.jpg\" alt=\"ca204 hd-r\u00fcckfahrkamera\" width=\"1000\" height=\"1000\" srcset=\"https:\/\/visionsafetys.com\/wp-content\/uploads\/2024\/07\/ca204-4.jpg 1000w, https:\/\/visionsafetys.com\/wp-content\/uploads\/2024\/07\/ca204-4-300x300.jpg 300w, https:\/\/visionsafetys.com\/wp-content\/uploads\/2024\/07\/ca204-4-150x150.jpg 150w, https:\/\/visionsafetys.com\/wp-content\/uploads\/2024\/07\/ca204-4-768x768.jpg 768w, https:\/\/visionsafetys.com\/wp-content\/uploads\/2024\/07\/ca204-4-12x12.jpg 12w, https:\/\/visionsafetys.com\/wp-content\/uploads\/2024\/07\/ca204-4-600x600.jpg 600w, https:\/\/visionsafetys.com\/wp-content\/uploads\/2024\/07\/ca204-4-100x100.jpg 100w\" sizes=\"(max-width: 1000px) 100vw, 1000px\" \/><\/p>\n<table border=\"0\" width=\"1230\" cellspacing=\"0\" cellpadding=\"0\">\n<tbody>\n<tr>\n<td width=\"405\">Modell<\/td>\n<td width=\"825\">CA204-HD<\/td>\n<\/tr>\n<tr>\n<td width=\"405\">Bildsensor<\/td>\n<td width=\"825\">1\/2,9'' CMOS<\/td>\n<\/tr>\n<tr>\n<td width=\"405\">Aufl\u00f6sung<\/td>\n<td width=\"825\">1080P<\/td>\n<\/tr>\n<tr>\n<td width=\"405\">Effektive Pixel<\/td>\n<td width=\"825\">1920(H)x1080(V)<\/td>\n<\/tr>\n<tr>\n<td width=\"405\">Pixel Gr\u00f6\u00dfe<\/td>\n<td width=\"825\">1.8x1.8\u03bcm<\/td>\n<\/tr>\n<tr>\n<td width=\"405\">Betrachtungswinkel<\/td>\n<td width=\"825\">120 Grad<\/td>\n<\/tr>\n<tr>\n<td width=\"405\">Wasserdichte Bewertung<\/td>\n<td width=\"825\">IP69K<\/td>\n<\/tr>\n<tr>\n<td width=\"405\">Sto\u00dfsicher<\/td>\n<td width=\"825\">10G<\/td>\n<\/tr>\n<tr>\n<td width=\"405\">Bildfrequenz<\/td>\n<td width=\"825\">25\/30fps<\/td>\n<\/tr>\n<tr>\n<td width=\"405\">LED-Leuchten5<\/td>\n<td width=\"825\">4 St\u00fcck IR-LEDs<\/td>\n<\/tr>\n<tr>\n<td width=\"405\">Stromversorgung<\/td>\n<td width=\"825\">DC9-18V (vom Umkehrmonitor)<\/td>\n<\/tr>\n<tr>\n<td width=\"405\">Audio<\/td>\n<td width=\"825\">Unterst\u00fctzung<\/td>\n<\/tr>\n<tr>\n<td width=\"405\">Autoheizung<\/td>\n<td width=\"825\">Unterst\u00fctzung<\/td>\n<\/tr>\n<tr>\n<td width=\"405\">Nachtsichtweite<\/td>\n<td width=\"825\">15m<\/td>\n<\/tr>\n<tr>\n<td width=\"405\">Material des Geh\u00e4uses<\/td>\n<td width=\"825\">Strapazierf\u00e4higer Metallguss<\/td>\n<\/tr>\n<tr>\n<td width=\"405\">Stromverbrauch<\/td>\n<td width=\"825\">160mA<\/td>\n<\/tr>\n<tr>\n<td width=\"405\">Einheit Gewicht<\/td>\n<td width=\"825\">200g<\/td>\n<\/tr>\n<tr>\n<td width=\"405\">Betriebstemperatur<\/td>\n<td width=\"825\">-20\u2103-70\u2103\uff0c RH95%MAX<\/td>\n<\/tr>\n<\/tbody>\n<\/table>","protected":false},"excerpt":{"rendered":"<p>The CA204 AHD Rear View Camera is fully waterproof to IP69K standards, solid and reliable, shock resistant to 10G vibration, and popular in Caravans, trucks, buses, forklifts, agriculture, and construction machinery. Model CA204-HD Image\u00a0Sensor 1\/2.9\u2019\u2019\u00a0CMOS Resolution 1080P Effective\u00a0Pixels 1920(H)x1080(V) Pixel Size 1.8&#215;1.8\u03bcm Viewing\u00a0Angle 120 degrees Waterproof\u00a0Rating IP69K Shockproof 10G Frame\u00a0Rate 25\/30fps LEDs Lights5 4pc IR [&hellip;]<\/p>","protected":false},"featured_media":4178,"template":"","meta":{"_seopress_robots_primary_cat":"none","_seopress_titles_title":"Wide Angle Rear View Camera for Trucks | CA204-HD","_seopress_titles_desc":"The CA204 AHD Rear View Camera is fully waterproof to IP69K standards, solid and reliable, shock resistant to 10G vibration, and popular in Caravans, trucks, buses, forklifts, agriculture, and construction machinery.","_seopress_robots_index":""},"product_brand":[],"product_cat":[27],"product_tag":[],"class_list":{"0":"post-4150","1":"product","2":"type-product","3":"status-publish","4":"has-post-thumbnail","6":"product_cat-backup-cameras","8":"first","9":"instock","10":"shipping-taxable","11":"product-type-simple"},"_links":{"self":[{"href":"https:\/\/visionsafetys.com\/de\/wp-json\/wp\/v2\/product\/4150","targetHints":{"allow":["GET"]}}],"collection":[{"href":"https:\/\/visionsafetys.com\/de\/wp-json\/wp\/v2\/product"}],"about":[{"href":"https:\/\/visionsafetys.com\/de\/wp-json\/wp\/v2\/types\/product"}],"wp:featuredmedia":[{"embeddable":true,"href":"https:\/\/visionsafetys.com\/de\/wp-json\/wp\/v2\/media\/4178"}],"wp:attachment":[{"href":"https:\/\/visionsafetys.com\/de\/wp-json\/wp\/v2\/media?parent=4150"}],"wp:term":[{"taxonomy":"product_brand","embeddable":true,"href":"https:\/\/visionsafetys.com\/de\/wp-json\/wp\/v2\/product_brand?post=4150"},{"taxonomy":"product_cat","embeddable":true,"href":"https:\/\/visionsafetys.com\/de\/wp-json\/wp\/v2\/product_cat?post=4150"},{"taxonomy":"product_tag","embeddable":true,"href":"https:\/\/visionsafetys.com\/de\/wp-json\/wp\/v2\/product_tag?post=4150"}],"curies":[{"name":"wp","href":"https:\/\/api.w.org\/{rel}","templated":true}]}}